{"id":69846,"date":"2017-02-19T19:53:40","date_gmt":"2017-02-19T18:53:40","guid":{"rendered":"https:\/\/new.vetom.club\/rozdily-mezi-preparaty\/"},"modified":"2020-04-15T17:28:53","modified_gmt":"2020-04-15T15:28:53","slug":"die-unterschiede-zwischen-den-einzelnen-praeparaten","status":"publish","type":"page","link":"https:\/\/www.vetom.club\/de\/die-unterschiede-zwischen-den-einzelnen-praeparaten\/","title":{"rendered":"Die Unterschiede zwischen den einzelnen Pr\u00e4paraten"},"content":{"rendered":"<p>Unterschiede unter den einzelnen Vetom \u2013 Pr\u00e4paraten:<\/p>\n<p style=\"text-align: justify;\">Die Pr\u00e4parate Vetom 1.23, Vetom 1.1, Vetom 2, Vetom 3 und Vetom 4 sind in Bezug auf ihre Auswirkungen auf den menschlichen Organismus \u00e4hnlich, aber nicht gleich. Es werden n\u00e4mlich verschiedene Mikroorganismen verwendet, die in verschiedenen Teilen des Darms und des Verdauungstraktes aktiv sind und eine Vielzahl von biologisch aktiven Substanzen in ihrer Umgebung produzieren. Daher sind ihre Auswirkungen unterschiedlich.<\/p>\n<h4>Unterschiede unter den Pr\u00e4paraten von Sets Vetom1.23, 1.1, 2, 3, 4:<\/h4>\n<p style=\"text-align: justify;\">Vetom 1.1 wird in Kapselform genommen und Vetom 1.23 wird als Tropfen eingenommen. In Bezug auf den Inhalt der bioaktiven, aus dem Bakterium Bacillus subtilis bestehenden Komponente sind sie aber identisch. F\u00fcr die bedeutendste Eigenchaft dieser zwei Pr\u00e4parate wird die Interferon \u2013 Produktion gehalten. Er hilft dem K\u00f6rper, seine Immunit\u00e4t sehr effektiv zu aktivieren und zu optimieren. \u00dcberdies ist die Auswirkung von Vetom 1.23 f\u00f6rderlich f\u00fcr Diabetes-Patienten.<\/p>\n<p style=\"text-align: justify;\">Die Pr\u00e4parate Vetom 2, 3 und 4 werden in verschiedenen Teilen des Darms aktiviert. Bioaktive Substanzen dieser allen Vorbereitungen reinigen den Darmtrakt und optimieren das Metabolismus. Sie unterscheiden sich voneinander, und zwar in Bezug auf den Inhalt der einzelnen Bakterienarten Bacillus amyloliquefaciens, deren Einsatzort genau vorgegeben ist.<\/p>\n<p style=\"text-align: justify;\">Vetom 4 wirkt im D\u00fcnndarm, Vetom 3 im Dickdarm. Vetom 2 wirkt in beiden D\u00e4rmen gleichzeitig, aber in einer viel niedrigeren Konzentration, darum wird er als Stabilisator bereits gereinigter D\u00e4rme empfohlen.<\/p>\n<h4>Warum wird empfohlen, das ganze Set der Vetom &#8211; Pr\u00e4parate auszunutzen?<\/h4>\n<p style=\"text-align: justify;\">Um die maximal positive Auswirkung auf das Organismus zu erreichen, sollte man alle Vetom \u2013 Pr\u00e4parate allm\u00e4hlich nehmen. In Phase 1 aktivieren und optimieren sie das Immunsystem, in Phase 2 helfen sie alle Teile des Darms von pathogener und bedingt pathogener Mikroflora zu befreien. Es ist also n\u00f6tig, alle Vetom-Pr\u00e4parate in ihrer ganzen Komplexit\u00e4t allm\u00e4hlich anzuwenden.<\/p>\n<h4>Die Vetom \u2013 Produkte sind in dieser Reihenfolge zu nehmen:<\/h4>\n<p style=\"text-align: justify;\">Zuerst kommt Vetom 1.1 dran, er aktiviert und optimiert den Organismus. Danach wird Vetom 4 genommen, der die D\u00fcnndarm-Aktivit\u00e4t unterst\u00fctzt. Nach einer Pause wird Vetom 3 genommen, der in der selben Weise die Dickdarm-Aktivit\u00e4t unterst\u00fctzt. Ganz logisch folgen sie der Sequenz der Aktivit\u00e4t im Verdauungstrakt. Vetom 2 enth\u00e4lt beide Bakterien von Vetom 3 und 4, aber in einer viel niedrigeren Konzentration.<\/p>\n","protected":false},"excerpt":{"rendered":"<p>Unterschiede unter den einzelnen Vetom \u2013 Pr\u00e4paraten: Die Pr\u00e4parate Vetom 1.23, Vetom 1.1, Vetom 2, Vetom 3 und Vetom 4 sind in Bezug auf ihre Auswirkungen auf den menschlichen Organismus \u00e4hnlich, aber nicht gleich. Es werden n\u00e4mlich verschiedene Mikroorganismen verwendet, die in verschiedenen Teilen des Darms und des Verdauungstraktes aktiv sind und eine Vielzahl von &#8230; <a title=\"Die Unterschiede zwischen den einzelnen Pr\u00e4paraten\" class=\"read-more\" href=\"https:\/\/www.vetom.club\/de\/die-unterschiede-zwischen-den-einzelnen-praeparaten\/\" aria-label=\"Mehr Informationen \u00fcber Die Unterschiede zwischen den einzelnen Pr\u00e4paraten\">Weiterlesen &#8230;<\/a><\/p>\n","protected":false},"author":1,"featured_media":69847,"parent":0,"menu_order":0,"comment_status":"closed","ping_status":"closed","template":"","meta":{"_exactmetrics_skip_tracking":false,"_exactmetrics_sitenote_active":false,"_exactmetrics_sitenote_note":"","_exactmetrics_sitenote_category":0,"footnotes":""},"class_list":["post-69846","page","type-page","status-publish","has-post-thumbnail"],"yoast_head":"<!-- This site is optimized with the Yoast SEO Premium plugin v21.7 (Yoast SEO v25.9) - https:\/\/yoast.com\/wordpress\/plugins\/seo\/ -->\n<title>Die Unterschiede zwischen den einzelnen Pr\u00e4paraten<\/title>\n<meta name=\"description\" content=\"Prepar\u00e1ty \u0159ady Vetom jsou si podobn\u00e9 v p\u016fsoben\u00ed na organismus. Obsahuj\u00ed v\u0161ak odli\u0161n\u00e9 mikroorganismy, kter\u00e9 jsou aktivn\u00ed v r\u016fzn\u00fdch \u010d\u00e1stech tr\u00e1v\u00edc\u00edho traktu.\" \/>\n<meta name=\"robots\" content=\"index, follow, max-snippet:-1, max-image-preview:large, max-video-preview:-1\" \/>\n<link rel=\"canonical\" href=\"https:\/\/www.vetom.club\/de\/die-unterschiede-zwischen-den-einzelnen-praeparaten\/\" \/>\n<meta property=\"og:locale\" content=\"de_DE\" \/>\n<meta property=\"og:type\" content=\"article\" \/>\n<meta property=\"og:title\" content=\"Rozd\u00edly mezi jednotliv\u00fdmi prepar\u00e1ty Vetom\" \/>\n<meta property=\"og:description\" content=\"Prepar\u00e1ty \u0159ady Vetom jsou si podobn\u00e9 v p\u016fsoben\u00ed na organismus. Obsahuj\u00ed v\u0161ak odli\u0161n\u00e9 mikroorganismy, kter\u00e9 jsou aktivn\u00ed v r\u016fzn\u00fdch \u010d\u00e1stech tr\u00e1v\u00edc\u00edho traktu.\" \/>\n<meta property=\"og:url\" content=\"https:\/\/www.vetom.club\/de\/die-unterschiede-zwischen-den-einzelnen-praeparaten\/\" \/>\n<meta property=\"og:site_name\" content=\"VETOM Club\" \/>\n<meta property=\"article:publisher\" content=\"https:\/\/www.facebook.com\/Vetom-Club-1823484797939610\/\" \/>\n<meta property=\"article:modified_time\" content=\"2020-04-15T15:28:53+00:00\" \/>\n<meta property=\"og:image\" content=\"https:\/\/www.vetom.club\/wp-content\/uploads\/2018\/03\/rozdil-mezi-preparaty.png\" \/>\n\t<meta property=\"og:image:width\" content=\"1024\" \/>\n\t<meta property=\"og:image:height\" content=\"512\" \/>\n\t<meta property=\"og:image:type\" content=\"image\/png\" \/>\n<meta name=\"twitter:card\" content=\"summary_large_image\" \/>\n<meta name=\"twitter:title\" content=\"Rozd\u00edly mezi jednotliv\u00fdmi prepar\u00e1ty Vetom\" \/>\n<meta name=\"twitter:description\" content=\"Prepar\u00e1ty \u0159ady Vetom jsou si podobn\u00e9 v p\u016fsoben\u00ed na organismus. Obsahuj\u00ed v\u0161ak odli\u0161n\u00e9 mikroorganismy, kter\u00e9 jsou aktivn\u00ed v r\u016fzn\u00fdch \u010d\u00e1stech tr\u00e1v\u00edc\u00edho traktu.\" \/>\n<meta name=\"twitter:label1\" content=\"Gesch\u00e4tzte Lesezeit\" \/>\n\t<meta name=\"twitter:data1\" content=\"2\u00a0Minuten\" \/>\n<script type=\"application\/ld+json\" class=\"yoast-schema-graph\">{\"@context\":\"https:\/\/schema.org\",\"@graph\":[{\"@type\":\"WebPage\",\"@id\":\"https:\/\/www.vetom.club\/de\/die-unterschiede-zwischen-den-einzelnen-praeparaten\/\",\"url\":\"https:\/\/www.vetom.club\/de\/die-unterschiede-zwischen-den-einzelnen-praeparaten\/\",\"name\":\"Die Unterschiede zwischen den einzelnen Pr\u00e4paraten\",\"isPartOf\":{\"@id\":\"https:\/\/www.vetom.club\/de\/#website\"},\"primaryImageOfPage\":{\"@id\":\"https:\/\/www.vetom.club\/de\/die-unterschiede-zwischen-den-einzelnen-praeparaten\/#primaryimage\"},\"image\":{\"@id\":\"https:\/\/www.vetom.club\/de\/die-unterschiede-zwischen-den-einzelnen-praeparaten\/#primaryimage\"},\"thumbnailUrl\":\"https:\/\/www.vetom.club\/wp-content\/uploads\/2018\/03\/rozdil-mezi-preparaty.png\",\"datePublished\":\"2017-02-19T18:53:40+00:00\",\"dateModified\":\"2020-04-15T15:28:53+00:00\",\"description\":\"Prepar\u00e1ty \u0159ady Vetom jsou si podobn\u00e9 v p\u016fsoben\u00ed na organismus. Obsahuj\u00ed v\u0161ak odli\u0161n\u00e9 mikroorganismy, kter\u00e9 jsou aktivn\u00ed v r\u016fzn\u00fdch \u010d\u00e1stech tr\u00e1v\u00edc\u00edho traktu.\",\"breadcrumb\":{\"@id\":\"https:\/\/www.vetom.club\/de\/die-unterschiede-zwischen-den-einzelnen-praeparaten\/#breadcrumb\"},\"inLanguage\":\"de\",\"potentialAction\":[{\"@type\":\"ReadAction\",\"target\":[\"https:\/\/www.vetom.club\/de\/die-unterschiede-zwischen-den-einzelnen-praeparaten\/\"]}]},{\"@type\":\"ImageObject\",\"inLanguage\":\"de\",\"@id\":\"https:\/\/www.vetom.club\/de\/die-unterschiede-zwischen-den-einzelnen-praeparaten\/#primaryimage\",\"url\":\"https:\/\/www.vetom.club\/wp-content\/uploads\/2018\/03\/rozdil-mezi-preparaty.png\",\"contentUrl\":\"https:\/\/www.vetom.club\/wp-content\/uploads\/2018\/03\/rozdil-mezi-preparaty.png\",\"width\":1024,\"height\":512},{\"@type\":\"BreadcrumbList\",\"@id\":\"https:\/\/www.vetom.club\/de\/die-unterschiede-zwischen-den-einzelnen-praeparaten\/#breadcrumb\",\"itemListElement\":[{\"@type\":\"ListItem\",\"position\":1,\"name\":\"Vetom Club\",\"item\":\"https:\/\/www.vetom.club\/de\/\"},{\"@type\":\"ListItem\",\"position\":2,\"name\":\"Die Unterschiede zwischen den einzelnen Pr\u00e4paraten\"}]},{\"@type\":\"WebSite\",\"@id\":\"https:\/\/www.vetom.club\/de\/#website\",\"url\":\"https:\/\/www.vetom.club\/de\/\",\"name\":\"VETOM Club\",\"description\":\"Revolu\u010dn\u00ed aktiv\u00e1tor imunity na p\u0159\u00edrodn\u00ed b\u00e1zi\",\"publisher\":{\"@id\":\"https:\/\/www.vetom.club\/de\/#organization\"},\"potentialAction\":[{\"@type\":\"SearchAction\",\"target\":{\"@type\":\"EntryPoint\",\"urlTemplate\":\"https:\/\/www.vetom.club\/de\/?s={search_term_string}\"},\"query-input\":{\"@type\":\"PropertyValueSpecification\",\"valueRequired\":true,\"valueName\":\"search_term_string\"}}],\"inLanguage\":\"de\"},{\"@type\":\"Organization\",\"@id\":\"https:\/\/www.vetom.club\/de\/#organization\",\"name\":\"Vetom Club\",\"url\":\"https:\/\/www.vetom.club\/de\/\",\"logo\":{\"@type\":\"ImageObject\",\"inLanguage\":\"de\",\"@id\":\"https:\/\/www.vetom.club\/de\/#\/schema\/logo\/image\/\",\"url\":\"https:\/\/www.vetom.club\/wp-content\/uploads\/2017\/11\/vetom-club-logo-1.png\",\"contentUrl\":\"https:\/\/www.vetom.club\/wp-content\/uploads\/2017\/11\/vetom-club-logo-1.png\",\"width\":270,\"height\":60,\"caption\":\"Vetom Club\"},\"image\":{\"@id\":\"https:\/\/www.vetom.club\/de\/#\/schema\/logo\/image\/\"},\"sameAs\":[\"https:\/\/www.facebook.com\/Vetom-Club-1823484797939610\/\"]}]}<\/script>\n<!-- \/ Yoast SEO Premium plugin. -->","yoast_head_json":{"title":"Die Unterschiede zwischen den einzelnen Pr\u00e4paraten","description":"Prepar\u00e1ty \u0159ady Vetom jsou si podobn\u00e9 v p\u016fsoben\u00ed na organismus. Obsahuj\u00ed v\u0161ak odli\u0161n\u00e9 mikroorganismy, kter\u00e9 jsou aktivn\u00ed v r\u016fzn\u00fdch \u010d\u00e1stech tr\u00e1v\u00edc\u00edho traktu.","robots":{"index":"index","follow":"follow","max-snippet":"max-snippet:-1","max-image-preview":"max-image-preview:large","max-video-preview":"max-video-preview:-1"},"canonical":"https:\/\/www.vetom.club\/de\/die-unterschiede-zwischen-den-einzelnen-praeparaten\/","og_locale":"de_DE","og_type":"article","og_title":"Rozd\u00edly mezi jednotliv\u00fdmi prepar\u00e1ty Vetom","og_description":"Prepar\u00e1ty \u0159ady Vetom jsou si podobn\u00e9 v p\u016fsoben\u00ed na organismus. Obsahuj\u00ed v\u0161ak odli\u0161n\u00e9 mikroorganismy, kter\u00e9 jsou aktivn\u00ed v r\u016fzn\u00fdch \u010d\u00e1stech tr\u00e1v\u00edc\u00edho traktu.","og_url":"https:\/\/www.vetom.club\/de\/die-unterschiede-zwischen-den-einzelnen-praeparaten\/","og_site_name":"VETOM Club","article_publisher":"https:\/\/www.facebook.com\/Vetom-Club-1823484797939610\/","article_modified_time":"2020-04-15T15:28:53+00:00","og_image":[{"width":1024,"height":512,"url":"https:\/\/www.vetom.club\/wp-content\/uploads\/2018\/03\/rozdil-mezi-preparaty.png","type":"image\/png"}],"twitter_card":"summary_large_image","twitter_title":"Rozd\u00edly mezi jednotliv\u00fdmi prepar\u00e1ty Vetom","twitter_description":"Prepar\u00e1ty \u0159ady Vetom jsou si podobn\u00e9 v p\u016fsoben\u00ed na organismus. Obsahuj\u00ed v\u0161ak odli\u0161n\u00e9 mikroorganismy, kter\u00e9 jsou aktivn\u00ed v r\u016fzn\u00fdch \u010d\u00e1stech tr\u00e1v\u00edc\u00edho traktu.","twitter_misc":{"Gesch\u00e4tzte Lesezeit":"2\u00a0Minuten"},"schema":{"@context":"https:\/\/schema.org","@graph":[{"@type":"WebPage","@id":"https:\/\/www.vetom.club\/de\/die-unterschiede-zwischen-den-einzelnen-praeparaten\/","url":"https:\/\/www.vetom.club\/de\/die-unterschiede-zwischen-den-einzelnen-praeparaten\/","name":"Die Unterschiede zwischen den einzelnen Pr\u00e4paraten","isPartOf":{"@id":"https:\/\/www.vetom.club\/de\/#website"},"primaryImageOfPage":{"@id":"https:\/\/www.vetom.club\/de\/die-unterschiede-zwischen-den-einzelnen-praeparaten\/#primaryimage"},"image":{"@id":"https:\/\/www.vetom.club\/de\/die-unterschiede-zwischen-den-einzelnen-praeparaten\/#primaryimage"},"thumbnailUrl":"https:\/\/www.vetom.club\/wp-content\/uploads\/2018\/03\/rozdil-mezi-preparaty.png","datePublished":"2017-02-19T18:53:40+00:00","dateModified":"2020-04-15T15:28:53+00:00","description":"Prepar\u00e1ty \u0159ady Vetom jsou si podobn\u00e9 v p\u016fsoben\u00ed na organismus. Obsahuj\u00ed v\u0161ak odli\u0161n\u00e9 mikroorganismy, kter\u00e9 jsou aktivn\u00ed v r\u016fzn\u00fdch \u010d\u00e1stech tr\u00e1v\u00edc\u00edho traktu.","breadcrumb":{"@id":"https:\/\/www.vetom.club\/de\/die-unterschiede-zwischen-den-einzelnen-praeparaten\/#breadcrumb"},"inLanguage":"de","potentialAction":[{"@type":"ReadAction","target":["https:\/\/www.vetom.club\/de\/die-unterschiede-zwischen-den-einzelnen-praeparaten\/"]}]},{"@type":"ImageObject","inLanguage":"de","@id":"https:\/\/www.vetom.club\/de\/die-unterschiede-zwischen-den-einzelnen-praeparaten\/#primaryimage","url":"https:\/\/www.vetom.club\/wp-content\/uploads\/2018\/03\/rozdil-mezi-preparaty.png","contentUrl":"https:\/\/www.vetom.club\/wp-content\/uploads\/2018\/03\/rozdil-mezi-preparaty.png","width":1024,"height":512},{"@type":"BreadcrumbList","@id":"https:\/\/www.vetom.club\/de\/die-unterschiede-zwischen-den-einzelnen-praeparaten\/#breadcrumb","itemListElement":[{"@type":"ListItem","position":1,"name":"Vetom Club","item":"https:\/\/www.vetom.club\/de\/"},{"@type":"ListItem","position":2,"name":"Die Unterschiede zwischen den einzelnen Pr\u00e4paraten"}]},{"@type":"WebSite","@id":"https:\/\/www.vetom.club\/de\/#website","url":"https:\/\/www.vetom.club\/de\/","name":"VETOM Club","description":"Revolu\u010dn\u00ed aktiv\u00e1tor imunity na p\u0159\u00edrodn\u00ed b\u00e1zi","publisher":{"@id":"https:\/\/www.vetom.club\/de\/#organization"},"potentialAction":[{"@type":"SearchAction","target":{"@type":"EntryPoint","urlTemplate":"https:\/\/www.vetom.club\/de\/?s={search_term_string}"},"query-input":{"@type":"PropertyValueSpecification","valueRequired":true,"valueName":"search_term_string"}}],"inLanguage":"de"},{"@type":"Organization","@id":"https:\/\/www.vetom.club\/de\/#organization","name":"Vetom Club","url":"https:\/\/www.vetom.club\/de\/","logo":{"@type":"ImageObject","inLanguage":"de","@id":"https:\/\/www.vetom.club\/de\/#\/schema\/logo\/image\/","url":"https:\/\/www.vetom.club\/wp-content\/uploads\/2017\/11\/vetom-club-logo-1.png","contentUrl":"https:\/\/www.vetom.club\/wp-content\/uploads\/2017\/11\/vetom-club-logo-1.png","width":270,"height":60,"caption":"Vetom Club"},"image":{"@id":"https:\/\/www.vetom.club\/de\/#\/schema\/logo\/image\/"},"sameAs":["https:\/\/www.facebook.com\/Vetom-Club-1823484797939610\/"]}]}},"_links":{"self":[{"href":"https:\/\/www.vetom.club\/de\/wp-json\/wp\/v2\/pages\/69846","targetHints":{"allow":["GET"]}}],"collection":[{"href":"https:\/\/www.vetom.club\/de\/wp-json\/wp\/v2\/pages"}],"about":[{"href":"https:\/\/www.vetom.club\/de\/wp-json\/wp\/v2\/types\/page"}],"author":[{"embeddable":true,"href":"https:\/\/www.vetom.club\/de\/wp-json\/wp\/v2\/users\/1"}],"replies":[{"embeddable":true,"href":"https:\/\/www.vetom.club\/de\/wp-json\/wp\/v2\/comments?post=69846"}],"version-history":[{"count":0,"href":"https:\/\/www.vetom.club\/de\/wp-json\/wp\/v2\/pages\/69846\/revisions"}],"wp:featuredmedia":[{"embeddable":true,"href":"https:\/\/www.vetom.club\/de\/wp-json\/wp\/v2\/media\/69847"}],"wp:attachment":[{"href":"https:\/\/www.vetom.club\/de\/wp-json\/wp\/v2\/media?parent=69846"}],"curies":[{"name":"wp","href":"https:\/\/api.w.org\/{rel}","templated":true}]}}