{"id":80132,"date":"2021-04-04T19:14:13","date_gmt":"2021-04-04T17:14:13","guid":{"rendered":"https:\/\/new.vetom.club\/%d0%ba%d0%be%d1%80%d0%b7%d0%b8%d0%bd%d0%b0\/"},"modified":"2021-04-04T19:14:26","modified_gmt":"2021-04-04T17:14:26","slug":"%d0%ba%d0%be%d1%80%d0%b7%d0%b8%d0%bd%d0%b0","status":"publish","type":"page","link":"https:\/\/www.vetom.club\/ru\/%d0%ba%d0%be%d1%80%d0%b7%d0%b8%d0%bd%d0%b0\/","title":{"rendered":"\u041a\u043e\u0440\u0437\u0438\u043d\u0430"},"content":{"rendered":"<p>[vc_row type=&#8221;container&#8221; padding_top=&#8221;&#8221; padding_bottom=&#8221;&#8221;][vc_column][vc_raw_html]PGEgY2xhc3M9ImJ1dHRvbl9iYWNrdG9zaG9wIiBocmVmPSJodHRwOi8vdmV0b20uY2x1Yi9vYmNob2QvIj7QktC10YDQvdGD0YLRjNGB0Y8g0LIg0LzQsNCz0LDQt9C40L08L2E+[\/vc_raw_html][\/vc_column][\/vc_row][vc_row type=&#8221;container&#8221; padding_top=&#8221;&#8221; padding_bottom=&#8221;&#8221;][vc_column][\/vc_column][\/vc_row]<\/p>\n","protected":false},"excerpt":{"rendered":"<p>[vc_row type=&#8221;container&#8221; padding_top=&#8221;&#8221; padding_bottom=&#8221;&#8221;][vc_column][vc_raw_html]PGEgY2xhc3M9ImJ1dHRvbl9iYWNrdG9zaG9wIiBocmVmPSJodHRwOi8vdmV0b20uY2x1Yi9vYmNob2QvIj7QktC10YDQvdGD0YLRjNGB0Y8g0LIg0LzQsNCz0LDQt9C40L08L2E+[\/vc_raw_html][\/vc_column][\/vc_row][vc_row type=&#8221;container&#8221; padding_top=&#8221;&#8221; padding_bottom=&#8221;&#8221;][vc_column][\/vc_column][\/vc_row]<\/p>\n","protected":false},"author":1,"featured_media":0,"parent":0,"menu_order":0,"comment_status":"closed","ping_status":"closed","template":"","meta":{"_exactmetrics_skip_tracking":false,"_exactmetrics_sitenote_active":false,"_exactmetrics_sitenote_note":"","_exactmetrics_sitenote_category":0,"footnotes":""},"class_list":["post-80132","page","type-page","status-publish"],"yoast_head":"<!-- This site is optimized with the Yoast SEO Premium plugin v21.7 (Yoast SEO v25.9) - https:\/\/yoast.com\/wordpress\/plugins\/seo\/ -->\n<title>\u041a\u043e\u0440\u0437\u0438\u043d\u0430<\/title>\n<meta name=\"description\" content=\"\u041a\u043e\u0440\u0437\u0438\u043d\u0430 - \u043c\u0435\u0441\u0442\u043e \u0434\u043b\u044f \u0432\u044b\u0431\u0440\u0430\u043d\u043d\u044b\u0445 \u0442\u043e\u0432\u0430\u0440\u043e\u0432\" \/>\n<meta name=\"robots\" content=\"index, follow, max-snippet:-1, max-image-preview:large, max-video-preview:-1\" \/>\n<link rel=\"canonical\" href=\"https:\/\/www.vetom.club\/ru\/%d0%ba%d0%be%d1%80%d0%b7%d0%b8%d0%bd%d0%b0\/\" \/>\n<meta property=\"og:locale\" content=\"ru_RU\" \/>\n<meta property=\"og:type\" content=\"article\" \/>\n<meta property=\"og:title\" content=\"\u041a\u043e\u0440\u0437\u0438\u043d\u0430\" \/>\n<meta property=\"og:description\" content=\"PGEgY2xhc3M9ImJ1dHRvbl9iYWNrdG9zaG9wIiBocmVmPSJodHRwOi8vdmV0b20uY2x1Yi9vYmNob2QvIj7QktC10YDQvdGD0YLRjNGB0Y8g0LIg0LzQsNCz0LDQt9C40L08L2E+\" \/>\n<meta property=\"og:url\" content=\"https:\/\/www.vetom.club\/ru\/%d0%ba%d0%be%d1%80%d0%b7%d0%b8%d0%bd%d0%b0\/\" \/>\n<meta property=\"og:site_name\" content=\"VETOM Club\" \/>\n<meta property=\"article:publisher\" content=\"https:\/\/www.facebook.com\/Vetom-Club-1823484797939610\/\" \/>\n<meta property=\"article:modified_time\" content=\"2021-04-04T17:14:26+00:00\" \/>\n<meta name=\"twitter:card\" content=\"summary_large_image\" \/>\n<script type=\"application\/ld+json\" class=\"yoast-schema-graph\">{\"@context\":\"https:\/\/schema.org\",\"@graph\":[{\"@type\":\"WebPage\",\"@id\":\"https:\/\/www.vetom.club\/ru\/%d0%ba%d0%be%d1%80%d0%b7%d0%b8%d0%bd%d0%b0\/\",\"url\":\"https:\/\/www.vetom.club\/ru\/%d0%ba%d0%be%d1%80%d0%b7%d0%b8%d0%bd%d0%b0\/\",\"name\":\"\u041a\u043e\u0440\u0437\u0438\u043d\u0430\",\"isPartOf\":{\"@id\":\"https:\/\/www.vetom.club\/ru\/#website\"},\"datePublished\":\"2021-04-04T17:14:13+00:00\",\"dateModified\":\"2021-04-04T17:14:26+00:00\",\"description\":\"\u041a\u043e\u0440\u0437\u0438\u043d\u0430 - \u043c\u0435\u0441\u0442\u043e \u0434\u043b\u044f \u0432\u044b\u0431\u0440\u0430\u043d\u043d\u044b\u0445 \u0442\u043e\u0432\u0430\u0440\u043e\u0432\",\"breadcrumb\":{\"@id\":\"https:\/\/www.vetom.club\/ru\/%d0%ba%d0%be%d1%80%d0%b7%d0%b8%d0%bd%d0%b0\/#breadcrumb\"},\"inLanguage\":\"ru-RU\",\"potentialAction\":[{\"@type\":\"ReadAction\",\"target\":[\"https:\/\/www.vetom.club\/ru\/%d0%ba%d0%be%d1%80%d0%b7%d0%b8%d0%bd%d0%b0\/\"]}]},{\"@type\":\"BreadcrumbList\",\"@id\":\"https:\/\/www.vetom.club\/ru\/%d0%ba%d0%be%d1%80%d0%b7%d0%b8%d0%bd%d0%b0\/#breadcrumb\",\"itemListElement\":[{\"@type\":\"ListItem\",\"position\":1,\"name\":\"Vetom Club\",\"item\":\"https:\/\/www.vetom.club\/ru\/\"},{\"@type\":\"ListItem\",\"position\":2,\"name\":\"\u041a\u043e\u0440\u0437\u0438\u043d\u0430\"}]},{\"@type\":\"WebSite\",\"@id\":\"https:\/\/www.vetom.club\/ru\/#website\",\"url\":\"https:\/\/www.vetom.club\/ru\/\",\"name\":\"VETOM Club\",\"description\":\"Revolu\u010dn\u00ed aktiv\u00e1tor imunity na p\u0159\u00edrodn\u00ed b\u00e1zi\",\"publisher\":{\"@id\":\"https:\/\/www.vetom.club\/ru\/#organization\"},\"potentialAction\":[{\"@type\":\"SearchAction\",\"target\":{\"@type\":\"EntryPoint\",\"urlTemplate\":\"https:\/\/www.vetom.club\/ru\/?s={search_term_string}\"},\"query-input\":{\"@type\":\"PropertyValueSpecification\",\"valueRequired\":true,\"valueName\":\"search_term_string\"}}],\"inLanguage\":\"ru-RU\"},{\"@type\":\"Organization\",\"@id\":\"https:\/\/www.vetom.club\/ru\/#organization\",\"name\":\"Vetom Club\",\"url\":\"https:\/\/www.vetom.club\/ru\/\",\"logo\":{\"@type\":\"ImageObject\",\"inLanguage\":\"ru-RU\",\"@id\":\"https:\/\/www.vetom.club\/ru\/#\/schema\/logo\/image\/\",\"url\":\"https:\/\/www.vetom.club\/wp-content\/uploads\/2017\/11\/vetom-club-logo-1.png\",\"contentUrl\":\"https:\/\/www.vetom.club\/wp-content\/uploads\/2017\/11\/vetom-club-logo-1.png\",\"width\":270,\"height\":60,\"caption\":\"Vetom Club\"},\"image\":{\"@id\":\"https:\/\/www.vetom.club\/ru\/#\/schema\/logo\/image\/\"},\"sameAs\":[\"https:\/\/www.facebook.com\/Vetom-Club-1823484797939610\/\"]}]}<\/script>\n<!-- \/ Yoast SEO Premium plugin. -->","yoast_head_json":{"title":"\u041a\u043e\u0440\u0437\u0438\u043d\u0430","description":"\u041a\u043e\u0440\u0437\u0438\u043d\u0430 - \u043c\u0435\u0441\u0442\u043e \u0434\u043b\u044f \u0432\u044b\u0431\u0440\u0430\u043d\u043d\u044b\u0445 \u0442\u043e\u0432\u0430\u0440\u043e\u0432","robots":{"index":"index","follow":"follow","max-snippet":"max-snippet:-1","max-image-preview":"max-image-preview:large","max-video-preview":"max-video-preview:-1"},"canonical":"https:\/\/www.vetom.club\/ru\/%d0%ba%d0%be%d1%80%d0%b7%d0%b8%d0%bd%d0%b0\/","og_locale":"ru_RU","og_type":"article","og_title":"\u041a\u043e\u0440\u0437\u0438\u043d\u0430","og_description":"PGEgY2xhc3M9ImJ1dHRvbl9iYWNrdG9zaG9wIiBocmVmPSJodHRwOi8vdmV0b20uY2x1Yi9vYmNob2QvIj7QktC10YDQvdGD0YLRjNGB0Y8g0LIg0LzQsNCz0LDQt9C40L08L2E+","og_url":"https:\/\/www.vetom.club\/ru\/%d0%ba%d0%be%d1%80%d0%b7%d0%b8%d0%bd%d0%b0\/","og_site_name":"VETOM Club","article_publisher":"https:\/\/www.facebook.com\/Vetom-Club-1823484797939610\/","article_modified_time":"2021-04-04T17:14:26+00:00","twitter_card":"summary_large_image","schema":{"@context":"https:\/\/schema.org","@graph":[{"@type":"WebPage","@id":"https:\/\/www.vetom.club\/ru\/%d0%ba%d0%be%d1%80%d0%b7%d0%b8%d0%bd%d0%b0\/","url":"https:\/\/www.vetom.club\/ru\/%d0%ba%d0%be%d1%80%d0%b7%d0%b8%d0%bd%d0%b0\/","name":"\u041a\u043e\u0440\u0437\u0438\u043d\u0430","isPartOf":{"@id":"https:\/\/www.vetom.club\/ru\/#website"},"datePublished":"2021-04-04T17:14:13+00:00","dateModified":"2021-04-04T17:14:26+00:00","description":"\u041a\u043e\u0440\u0437\u0438\u043d\u0430 - \u043c\u0435\u0441\u0442\u043e \u0434\u043b\u044f \u0432\u044b\u0431\u0440\u0430\u043d\u043d\u044b\u0445 \u0442\u043e\u0432\u0430\u0440\u043e\u0432","breadcrumb":{"@id":"https:\/\/www.vetom.club\/ru\/%d0%ba%d0%be%d1%80%d0%b7%d0%b8%d0%bd%d0%b0\/#breadcrumb"},"inLanguage":"ru-RU","potentialAction":[{"@type":"ReadAction","target":["https:\/\/www.vetom.club\/ru\/%d0%ba%d0%be%d1%80%d0%b7%d0%b8%d0%bd%d0%b0\/"]}]},{"@type":"BreadcrumbList","@id":"https:\/\/www.vetom.club\/ru\/%d0%ba%d0%be%d1%80%d0%b7%d0%b8%d0%bd%d0%b0\/#breadcrumb","itemListElement":[{"@type":"ListItem","position":1,"name":"Vetom Club","item":"https:\/\/www.vetom.club\/ru\/"},{"@type":"ListItem","position":2,"name":"\u041a\u043e\u0440\u0437\u0438\u043d\u0430"}]},{"@type":"WebSite","@id":"https:\/\/www.vetom.club\/ru\/#website","url":"https:\/\/www.vetom.club\/ru\/","name":"VETOM Club","description":"Revolu\u010dn\u00ed aktiv\u00e1tor imunity na p\u0159\u00edrodn\u00ed b\u00e1zi","publisher":{"@id":"https:\/\/www.vetom.club\/ru\/#organization"},"potentialAction":[{"@type":"SearchAction","target":{"@type":"EntryPoint","urlTemplate":"https:\/\/www.vetom.club\/ru\/?s={search_term_string}"},"query-input":{"@type":"PropertyValueSpecification","valueRequired":true,"valueName":"search_term_string"}}],"inLanguage":"ru-RU"},{"@type":"Organization","@id":"https:\/\/www.vetom.club\/ru\/#organization","name":"Vetom Club","url":"https:\/\/www.vetom.club\/ru\/","logo":{"@type":"ImageObject","inLanguage":"ru-RU","@id":"https:\/\/www.vetom.club\/ru\/#\/schema\/logo\/image\/","url":"https:\/\/www.vetom.club\/wp-content\/uploads\/2017\/11\/vetom-club-logo-1.png","contentUrl":"https:\/\/www.vetom.club\/wp-content\/uploads\/2017\/11\/vetom-club-logo-1.png","width":270,"height":60,"caption":"Vetom Club"},"image":{"@id":"https:\/\/www.vetom.club\/ru\/#\/schema\/logo\/image\/"},"sameAs":["https:\/\/www.facebook.com\/Vetom-Club-1823484797939610\/"]}]}},"_links":{"self":[{"href":"https:\/\/www.vetom.club\/ru\/wp-json\/wp\/v2\/pages\/80132","targetHints":{"allow":["GET"]}}],"collection":[{"href":"https:\/\/www.vetom.club\/ru\/wp-json\/wp\/v2\/pages"}],"about":[{"href":"https:\/\/www.vetom.club\/ru\/wp-json\/wp\/v2\/types\/page"}],"author":[{"embeddable":true,"href":"https:\/\/www.vetom.club\/ru\/wp-json\/wp\/v2\/users\/1"}],"replies":[{"embeddable":true,"href":"https:\/\/www.vetom.club\/ru\/wp-json\/wp\/v2\/comments?post=80132"}],"version-history":[{"count":0,"href":"https:\/\/www.vetom.club\/ru\/wp-json\/wp\/v2\/pages\/80132\/revisions"}],"wp:attachment":[{"href":"https:\/\/www.vetom.club\/ru\/wp-json\/wp\/v2\/media?parent=80132"}],"curies":[{"name":"wp","href":"https:\/\/api.w.org\/{rel}","templated":true}]}}