{"id":69839,"date":"2018-03-29T21:26:57","date_gmt":"2018-03-29T19:26:57","guid":{"rendered":"https:\/\/new.vetom.club\/moj-ucet\/"},"modified":"2018-03-29T21:26:57","modified_gmt":"2018-03-29T19:26:57","slug":"moj-ucet","status":"publish","type":"page","link":"https:\/\/www.vetom.club\/sk\/moj-ucet\/","title":{"rendered":"M\u00f4j \u00fa\u010det"},"content":{"rendered":"<div class=\"woocommerce\"><\/div>\n","protected":false},"excerpt":{"rendered":"","protected":false},"author":233,"featured_media":0,"parent":0,"menu_order":0,"comment_status":"closed","ping_status":"closed","template":"","meta":{"_exactmetrics_skip_tracking":false,"_exactmetrics_sitenote_active":false,"_exactmetrics_sitenote_note":"","_exactmetrics_sitenote_category":0,"footnotes":""},"class_list":["post-69839","page","type-page","status-publish"],"yoast_head":"<!-- This site is optimized with the Yoast SEO Premium plugin v21.7 (Yoast SEO v25.9) - https:\/\/yoast.com\/wordpress\/plugins\/seo\/ -->\n<title>M\u00f4j \u00fa\u010det - VETOM Club<\/title>\n<meta name=\"robots\" content=\"index, follow, max-snippet:-1, max-image-preview:large, max-video-preview:-1\" \/>\n<link rel=\"canonical\" href=\"https:\/\/www.vetom.club\/sk\/moj-ucet\/\" \/>\n<meta property=\"og:locale\" content=\"sk_SK\" \/>\n<meta property=\"og:type\" content=\"article\" \/>\n<meta property=\"og:title\" content=\"M\u00f4j \u00fa\u010det\" \/>\n<meta property=\"og:url\" content=\"https:\/\/www.vetom.club\/sk\/moj-ucet\/\" \/>\n<meta property=\"og:site_name\" content=\"VETOM Club\" \/>\n<meta property=\"article:publisher\" content=\"https:\/\/www.facebook.com\/Vetom-Club-1823484797939610\/\" \/>\n<meta name=\"twitter:card\" content=\"summary_large_image\" \/>\n<script type=\"application\/ld+json\" class=\"yoast-schema-graph\">{\"@context\":\"https:\/\/schema.org\",\"@graph\":[{\"@type\":\"WebPage\",\"@id\":\"https:\/\/www.vetom.club\/sk\/moj-ucet\/\",\"url\":\"https:\/\/www.vetom.club\/sk\/moj-ucet\/\",\"name\":\"M\u00f4j \u00fa\u010det - VETOM Club\",\"isPartOf\":{\"@id\":\"https:\/\/www.vetom.club\/sk\/#website\"},\"datePublished\":\"2018-03-29T19:26:57+00:00\",\"breadcrumb\":{\"@id\":\"https:\/\/www.vetom.club\/sk\/moj-ucet\/#breadcrumb\"},\"inLanguage\":\"sk-SK\",\"potentialAction\":[{\"@type\":\"ReadAction\",\"target\":[\"https:\/\/www.vetom.club\/sk\/moj-ucet\/\"]}]},{\"@type\":\"BreadcrumbList\",\"@id\":\"https:\/\/www.vetom.club\/sk\/moj-ucet\/#breadcrumb\",\"itemListElement\":[{\"@type\":\"ListItem\",\"position\":1,\"name\":\"Vetom Club\",\"item\":\"https:\/\/www.vetom.club\/sk\/\"},{\"@type\":\"ListItem\",\"position\":2,\"name\":\"M\u00f4j \u00fa\u010det\"}]},{\"@type\":\"WebSite\",\"@id\":\"https:\/\/www.vetom.club\/sk\/#website\",\"url\":\"https:\/\/www.vetom.club\/sk\/\",\"name\":\"VETOM Club\",\"description\":\"Revolu\u010dn\u00ed aktiv\u00e1tor imunity na p\u0159\u00edrodn\u00ed b\u00e1zi\",\"publisher\":{\"@id\":\"https:\/\/www.vetom.club\/sk\/#organization\"},\"potentialAction\":[{\"@type\":\"SearchAction\",\"target\":{\"@type\":\"EntryPoint\",\"urlTemplate\":\"https:\/\/www.vetom.club\/sk\/?s={search_term_string}\"},\"query-input\":{\"@type\":\"PropertyValueSpecification\",\"valueRequired\":true,\"valueName\":\"search_term_string\"}}],\"inLanguage\":\"sk-SK\"},{\"@type\":\"Organization\",\"@id\":\"https:\/\/www.vetom.club\/sk\/#organization\",\"name\":\"Vetom Club\",\"url\":\"https:\/\/www.vetom.club\/sk\/\",\"logo\":{\"@type\":\"ImageObject\",\"inLanguage\":\"sk-SK\",\"@id\":\"https:\/\/www.vetom.club\/sk\/#\/schema\/logo\/image\/\",\"url\":\"https:\/\/www.vetom.club\/wp-content\/uploads\/2017\/11\/vetom-club-logo-1.png\",\"contentUrl\":\"https:\/\/www.vetom.club\/wp-content\/uploads\/2017\/11\/vetom-club-logo-1.png\",\"width\":270,\"height\":60,\"caption\":\"Vetom Club\"},\"image\":{\"@id\":\"https:\/\/www.vetom.club\/sk\/#\/schema\/logo\/image\/\"},\"sameAs\":[\"https:\/\/www.facebook.com\/Vetom-Club-1823484797939610\/\"]}]}<\/script>\n<!-- \/ Yoast SEO Premium plugin. -->","yoast_head_json":{"title":"M\u00f4j \u00fa\u010det - VETOM Club","robots":{"index":"index","follow":"follow","max-snippet":"max-snippet:-1","max-image-preview":"max-image-preview:large","max-video-preview":"max-video-preview:-1"},"canonical":"https:\/\/www.vetom.club\/sk\/moj-ucet\/","og_locale":"sk_SK","og_type":"article","og_title":"M\u00f4j \u00fa\u010det","og_url":"https:\/\/www.vetom.club\/sk\/moj-ucet\/","og_site_name":"VETOM Club","article_publisher":"https:\/\/www.facebook.com\/Vetom-Club-1823484797939610\/","twitter_card":"summary_large_image","schema":{"@context":"https:\/\/schema.org","@graph":[{"@type":"WebPage","@id":"https:\/\/www.vetom.club\/sk\/moj-ucet\/","url":"https:\/\/www.vetom.club\/sk\/moj-ucet\/","name":"M\u00f4j \u00fa\u010det - VETOM Club","isPartOf":{"@id":"https:\/\/www.vetom.club\/sk\/#website"},"datePublished":"2018-03-29T19:26:57+00:00","breadcrumb":{"@id":"https:\/\/www.vetom.club\/sk\/moj-ucet\/#breadcrumb"},"inLanguage":"sk-SK","potentialAction":[{"@type":"ReadAction","target":["https:\/\/www.vetom.club\/sk\/moj-ucet\/"]}]},{"@type":"BreadcrumbList","@id":"https:\/\/www.vetom.club\/sk\/moj-ucet\/#breadcrumb","itemListElement":[{"@type":"ListItem","position":1,"name":"Vetom Club","item":"https:\/\/www.vetom.club\/sk\/"},{"@type":"ListItem","position":2,"name":"M\u00f4j \u00fa\u010det"}]},{"@type":"WebSite","@id":"https:\/\/www.vetom.club\/sk\/#website","url":"https:\/\/www.vetom.club\/sk\/","name":"VETOM Club","description":"Revolu\u010dn\u00ed aktiv\u00e1tor imunity na p\u0159\u00edrodn\u00ed b\u00e1zi","publisher":{"@id":"https:\/\/www.vetom.club\/sk\/#organization"},"potentialAction":[{"@type":"SearchAction","target":{"@type":"EntryPoint","urlTemplate":"https:\/\/www.vetom.club\/sk\/?s={search_term_string}"},"query-input":{"@type":"PropertyValueSpecification","valueRequired":true,"valueName":"search_term_string"}}],"inLanguage":"sk-SK"},{"@type":"Organization","@id":"https:\/\/www.vetom.club\/sk\/#organization","name":"Vetom Club","url":"https:\/\/www.vetom.club\/sk\/","logo":{"@type":"ImageObject","inLanguage":"sk-SK","@id":"https:\/\/www.vetom.club\/sk\/#\/schema\/logo\/image\/","url":"https:\/\/www.vetom.club\/wp-content\/uploads\/2017\/11\/vetom-club-logo-1.png","contentUrl":"https:\/\/www.vetom.club\/wp-content\/uploads\/2017\/11\/vetom-club-logo-1.png","width":270,"height":60,"caption":"Vetom Club"},"image":{"@id":"https:\/\/www.vetom.club\/sk\/#\/schema\/logo\/image\/"},"sameAs":["https:\/\/www.facebook.com\/Vetom-Club-1823484797939610\/"]}]}},"_links":{"self":[{"href":"https:\/\/www.vetom.club\/sk\/wp-json\/wp\/v2\/pages\/69839","targetHints":{"allow":["GET"]}}],"collection":[{"href":"https:\/\/www.vetom.club\/sk\/wp-json\/wp\/v2\/pages"}],"about":[{"href":"https:\/\/www.vetom.club\/sk\/wp-json\/wp\/v2\/types\/page"}],"author":[{"embeddable":true,"href":"https:\/\/www.vetom.club\/sk\/wp-json\/wp\/v2\/users\/233"}],"replies":[{"embeddable":true,"href":"https:\/\/www.vetom.club\/sk\/wp-json\/wp\/v2\/comments?post=69839"}],"version-history":[{"count":0,"href":"https:\/\/www.vetom.club\/sk\/wp-json\/wp\/v2\/pages\/69839\/revisions"}],"wp:attachment":[{"href":"https:\/\/www.vetom.club\/sk\/wp-json\/wp\/v2\/media?parent=69839"}],"curies":[{"name":"wp","href":"https:\/\/api.w.org\/{rel}","templated":true}]}}