{"id":70344,"date":"2017-02-06T22:17:55","date_gmt":"2017-02-06T21:17:55","guid":{"rendered":"https:\/\/new.vetom.club\/produkt\/vetom-2\/"},"modified":"2021-11-22T23:45:58","modified_gmt":"2021-11-22T22:45:58","slug":"vetom-2","status":"publish","type":"product","link":"https:\/\/www.vetom.club\/sk\/produkt\/vetom-2\/","title":{"rendered":"Vetom 2"},"content":{"rendered":"<p style=\"text-align: justify;\"><a id=\"summary\"><\/a>Pr\u00edpravok <strong>Vetom 2<\/strong> sl\u00fa\u017ei ako dodato\u010dn\u00fd zdroj probiotick\u00fdch mikroorganizmov pre zotavenie tela. Prepar\u00e1t sa pou\u017e\u00edva ako prevent\u00edvne a ozdravuj\u00faco podporn\u00fd prostriedok. <strong>Vetom 2 p\u00f4sobia v tenkom aj hrubom \u010dreve s\u00fa\u010dasne. <\/strong>Pr\u00edpravok Vetom 2 je vlastne kombin\u00e1ciou pr\u00edpravkov Vetom 3 a 4 ale v ni\u017e\u0161ej koncentr\u00e1cii. Odpor\u00fa\u010da sa a\u017e po absolvovan\u00ed celej sady pre prevenciu a doplnenie prospe\u0161n\u00fdch bakt\u00e9ri\u00ed.<\/p>\n<h3>Zlo\u017eenie<\/h3>\n<p style=\"text-align: justify;\">Zlo\u017eenie: 1 d\u00e1vka BAD (1 kapsula), tj.0,33 g pr\u00edpravku v kapsule, obsahuje: v\u00fd\u0165a\u017eok z kukurice &#8211; 133 mg; zemiakov\u00fd \u0161krob &#8211; 100 mg; sachar\u00f3za (pr\u00e1\u0161kov\u00fd cukor) &#8211; 67 mg; such\u00e1 kult\u00fara probiotick\u00fdch mikroorganizmov Bacillus amyloliquefaciens kme\u0148 VKPM B-10642 (DSM 24614), Bacillus amyloliquefaciens kme\u0148 VKPM B-10643 (DSM 24615), 1\u0445109 CFU \/ g &#8211; 30 mg. <strong>Obsah balenia<\/strong>: 50 kaps\u00fal s hmotnos\u0165ou po 0,33 g. Vetou 2 je ur\u010den\u00fd na vn\u00fatorn\u00e9 pou\u017eitie.<\/p>\n<h3>Vlastnosti<\/h3>\n<p style=\"text-align: justify;\"><strong>Vetom 2<\/strong> obsahuje bioakt\u00edvne zlo\u017eky tvorenej bakt\u00e9riami Bacillus amyloliquefaciens kme\u0148 VKPM B-10642 (DSM 24614) a Bacillus amyloliquefaciens kme\u0148 VKPM B-10643 (DSM 24615), ako aj pomocn\u00e9 l\u00e1tky- \u0161krob a pr\u00e1\u0161kov\u00fd cukor.<\/p>\n<p style=\"text-align: justify;\">Vlastnosti bakt\u00e9ri\u00ed Bacillus amyloliquefaciens n\u00e1sob\u00ed v \u010drev\u00e1ch biologicky akt\u00edvne l\u00e1tky, ktor\u00e9 potl\u00e1\u010daj\u00fa rast a v\u00fdvoj patog\u00e9nne a podmiene\u010dne patog\u00e9nne mikrofl\u00f3ry. V d\u00f4sledku tohto procesu sa \u010drevn\u00e1 mikrofl\u00f3ra normalizuje, <strong>steny tr\u00e1viaceho traktu sa \u010dist\u00ed od nestr\u00e1vite\u013en\u00fdch a hnilobn\u00fdch zvy\u0161kov potrav\u00edn, \u010do podporuje odstr\u00e1nenie tox\u00ednov z tela<\/strong>. Po tomto procese je telo ove\u013ea efekt\u00edvnej\u0161ie pripraven\u00e9 vstreb\u00e1va\u0165 biologicky akt\u00edvne l\u00e1tky a \u017eiviny.<\/p>\n<p style=\"text-align: justify;\">P\u00f4soben\u00edm pr\u00edpravku <strong>Vetom 2<\/strong> doch\u00e1dza v tele k lep\u0161iemu vstreb\u00e1vaniu a metabolizmu \u017eeleza, v\u00e1pnika, tukov, bielkov\u00edn, sacharidov, triglyceridov, aminokysel\u00edn, dipeptidov, cukrov, sol\u00ed \u017el\u010dov\u00fdch kysel\u00edn a k vyv\u00e1\u017een\u00e9mu pH prostredie v tr\u00e1viacom trakte<\/p>\n<h3>Aplik\u00e1cie &#8211; doporu\u010den\u00e9 d\u00e1vkovanie:<\/h3>\n<p>D\u00e1vkovanie pr\u00edpravku ur\u010duje \u00fa\u010del jeho pou\u017eitia.<\/p>\n<h3>D\u00e1vkovanie pri prevencii:<\/h3>\n<p style=\"text-align: justify;\">Odpor\u00fa\u010da sa u\u017e\u00edva\u0165 2 kapsule <strong>Vetom 2<\/strong> po jedle 2-3x denne, tj. maxim\u00e1lne 4- 6 kapsul\u00ed denne a\u017e do vyu\u017eitia cel\u00e9ho balenia. Ak sa neobjavia \u017eiadne zjavn\u00e9 zdravotn\u00e9 probl\u00e9my, posta\u010d\u00ed k\u00faru opakova\u0165 4x ro\u010dne.<br \/>\n<strong>V\u017edy je nutn\u00e9 na 6 t\u00fd\u017ed\u0148ov pr\u00edpravok vetou 2 \u00faplne vysadi\u0165!<\/strong><\/p>\n<h3>Upozornenie:<\/h3>\n<p style=\"text-align: justify;\">Nepod\u00e1vajte vetou 2 spolo\u010dne s antibiotikami, sulf\u00f3namidy a \u010fal\u0161\u00edmi prepar\u00e1ty obsahuj\u00facimi probiotick\u00e9 mikroorganizmy.<br \/>\nNikdy nekombinujte <strong>Vetom 2<\/strong> s ostatn\u00fdmi prepar\u00e1tmi <strong>Vetom\u00a0<\/strong>\u00a0(1.1, 3 a 4).<br \/>\nSkladujte mimo dosahu det\u00ed.<\/p>\n<h3>Kontraindik\u00e1cie<\/h3>\n<p style=\"text-align: justify;\">V priebehu u\u017e\u00edvania prepar\u00e1tu m\u00f4\u017ee v zriedkav\u00fdch pr\u00edpadoch doch\u00e1dza\u0165 k nad\u00favaniu a hna\u010dke, pr\u00edpadne kr\u00e1tkodob\u00e9 z\u00e1pche, alebo v\u00fdskytu oparov.<br \/>\nU chor\u00fdch diabetom je nanajv\u00fd\u0161 nutn\u00e9 d\u00e1vkova\u0165 prepar\u00e1t iba pod\u013ea odpor\u00fa\u010dan\u00e9ho d\u00e1vkovania !!! Prejdite do sekcie Pre diabetikov.<\/p>\n<p style=\"text-align: justify;\">Pr\u00edpravok <strong>Vetom 2<\/strong> nie je n\u00e1vykov\u00fd.<br \/>\nPr\u00edpravok <strong>Vetom 2<\/strong> nie je karcinog\u00e9nna, mutuj\u00face a alergizuj\u00face.<br \/>\nNie s\u00fa zn\u00e1me \u017eiadne ved\u013eaj\u0161ie \u00fa\u010dinky na funkciu riadenia motorov\u00e9ho vozidla.<\/p>\n","protected":false},"excerpt":{"rendered":"<h4 style=\"text-align: justify;\">Vetom 2 &#8211; \u010distenie a stimul\u00e1cia \u010dinnosti tenk\u00e9ho a hrub\u00e9ho \u010dreva<\/h4>\n<p style=\"text-align: justify;\">Veto 2 obsahuje bioakt\u00edvne zlo\u017eky tvorenej bakt\u00e9riami <strong>Bacillus amyloliquefaciens kme\u0148 VKPM B-10642 (DSM 24614) a Bacillus amyloliquefaciens kme\u0148 VKPM B-10643 (DSM 24615)<\/strong>, ako aj pomocn\u00e9 l\u00e1tky- \u0161krob a pr\u00e1\u0161kov\u00fd cukor.<\/p>\n<h4>Bakt\u00e9rie Vetom 2 p\u00f4sobia v tenkom aj hrubom \u010dreve s\u00fa\u010dasne.<\/p>\n<p><span style=\"color: #ff0000;\">Pozor! Ni\u017e\u0161ia koncentr\u00e1cia bakt\u00e9ri\u00ed. Vhodn\u00e9 a\u017e po vyu\u017e\u00edvan\u00ed intenz\u00edvnej <a href=\"https:\/\/www.vetom.club\/sk\/produkt\/vetom-intenzivna-sada\/\">Sady Vetom<\/a> <strong>na udr\u017eanie prospe\u0161n\u00fdch bakt\u00e9ri\u00ed v tele<\/strong>. Alebo pre deti.\u00a0<\/span><\/h4>\n<p style=\"text-align: justify;\"><a href=\"#summary\"><strong>Viac inform\u00e1ci\u00ed &#8230;<\/strong><\/a><\/p>\n","protected":false},"featured_media":70822,"template":"","meta":{"_exactmetrics_skip_tracking":false,"_exactmetrics_sitenote_active":false,"_exactmetrics_sitenote_note":"","_exactmetrics_sitenote_category":0},"product_brand":[],"product_cat":[579],"product_tag":[788,596,816,595,860],"class_list":{"0":"post-70344","1":"product","2":"type-product","3":"status-publish","4":"has-post-thumbnail","6":"product_cat-vetom-sk","7":"product_tag-cz_kc-sk","8":"product_tag-hrube-crevo","9":"product_tag-probiotikum-sk","10":"product_tag-tenke-crevo","11":"product_tag-vetom-sk-2","12":"sales-flash-overlay","13":"woocommerce-text-align-center","14":"woocommerce-image-align-center","15":"do-quantity-buttons","16":"wc-has-gallery","18":"first","19":"instock","20":"shipping-taxable","21":"purchasable","22":"product-type-simple"},"yoast_head":"<!-- This site is optimized with the Yoast SEO Premium plugin v21.7 (Yoast SEO v25.9) - https:\/\/yoast.com\/wordpress\/plugins\/seo\/ -->\n<title>Vetom 2<\/title>\n<meta name=\"description\" content=\"Vetom 2 p\u00f4sobia v tenkom aj hrubom \u010dreve s\u00fa\u010dasne. Prepar\u00e1t tlm\u00ed rast chlam\u00fddi\u00ed. U\u017eitie pri cirh\u00f3ze pe\u010dene, \u010drevn\u00fdch z\u00e1paloch. P\u00f4sob\u00ed na zn\u00ed\u017eenie hmotnosti.\" \/>\n<meta name=\"robots\" content=\"index, follow, max-snippet:-1, max-image-preview:large, max-video-preview:-1\" \/>\n<link rel=\"canonical\" href=\"https:\/\/www.vetom.club\/sk\/produkt\/vetom-2\/\" \/>\n<meta property=\"og:locale\" content=\"sk_SK\" \/>\n<meta property=\"og:type\" content=\"article\" \/>\n<meta property=\"og:title\" content=\"Vetom 2\" \/>\n<meta property=\"og:description\" content=\"Vetom 2 - \u010distenie a stimul\u00e1cia \u010dinnosti tenk\u00e9ho a hrub\u00e9ho \u010dreva Veto 2 obsahuje bioakt\u00edvne zlo\u017eky tvorenej bakt\u00e9riami Bacillus amyloliquefaciens kme\u0148 VKPM B-10642 (DSM 24614) a Bacillus amyloliquefaciens kme\u0148 VKPM B-10643 (DSM 24615), ako aj pomocn\u00e9 l\u00e1tky- \u0161krob a pr\u00e1\u0161kov\u00fd cukor.  Bakt\u00e9rie Vetom 2 p\u00f4sobia v tenkom aj hrubom \u010dreve s\u00fa\u010dasne.  Pozor! Ni\u017e\u0161ia koncentr\u00e1cia bakt\u00e9ri\u00ed. Vhodn\u00e9 a\u017e po vyu\u017e\u00edvan\u00ed intenz\u00edvnej Sady Vetom na udr\u017eanie prospe\u0161n\u00fdch bakt\u00e9ri\u00ed v tele. Alebo pre deti.\u00a0 Viac inform\u00e1ci\u00ed ...\" \/>\n<meta property=\"og:url\" content=\"https:\/\/www.vetom.club\/sk\/produkt\/vetom-2\/\" \/>\n<meta property=\"og:site_name\" content=\"VETOM Club\" \/>\n<meta property=\"article:publisher\" content=\"https:\/\/www.facebook.com\/Vetom-Club-1823484797939610\/\" \/>\n<meta property=\"article:modified_time\" content=\"2021-11-22T22:45:58+00:00\" \/>\n<meta property=\"og:image\" content=\"https:\/\/www.vetom.club\/wp-content\/uploads\/2018\/07\/vetom-2_a.jpg\" \/>\n\t<meta property=\"og:image:width\" content=\"750\" \/>\n\t<meta property=\"og:image:height\" content=\"500\" \/>\n\t<meta property=\"og:image:type\" content=\"image\/jpeg\" \/>\n<meta name=\"twitter:card\" content=\"summary_large_image\" \/>\n<meta name=\"twitter:label1\" content=\"Cena\" \/>\n\t<meta name=\"twitter:data1\" content=\"&euro;27.00\" \/>\n\t<meta name=\"twitter:label2\" content=\"Dostupnos\u0165\" \/>\n\t<meta name=\"twitter:data2\" content=\"Na sklade\" \/>\n<script type=\"application\/ld+json\" class=\"yoast-schema-graph\">{\"@context\":\"https:\/\/schema.org\",\"@graph\":[{\"@type\":\"WebPage\",\"@id\":\"https:\/\/www.vetom.club\/sk\/produkt\/vetom-2\/\",\"url\":\"https:\/\/www.vetom.club\/sk\/produkt\/vetom-2\/\",\"name\":\"Vetom 2\",\"isPartOf\":{\"@id\":\"https:\/\/www.vetom.club\/sk\/#website\"},\"primaryImageOfPage\":{\"@id\":\"https:\/\/www.vetom.club\/sk\/produkt\/vetom-2\/#primaryimage\"},\"image\":{\"@id\":\"https:\/\/www.vetom.club\/sk\/produkt\/vetom-2\/#primaryimage\"},\"thumbnailUrl\":\"https:\/\/www.vetom.club\/wp-content\/uploads\/2018\/07\/vetom-2_a.jpg\",\"datePublished\":\"2017-02-06T21:17:55+00:00\",\"dateModified\":\"2021-11-22T22:45:58+00:00\",\"description\":\"Vetom 2 p\u00f4sobia v tenkom aj hrubom \u010dreve s\u00fa\u010dasne. Prepar\u00e1t tlm\u00ed rast chlam\u00fddi\u00ed. U\u017eitie pri cirh\u00f3ze pe\u010dene, \u010drevn\u00fdch z\u00e1paloch. P\u00f4sob\u00ed na zn\u00ed\u017eenie hmotnosti.\",\"breadcrumb\":{\"@id\":\"https:\/\/www.vetom.club\/sk\/produkt\/vetom-2\/#breadcrumb\"},\"inLanguage\":\"sk-SK\",\"potentialAction\":[{\"@type\":\"ReadAction\",\"target\":[\"https:\/\/www.vetom.club\/sk\/produkt\/vetom-2\/\"]}]},{\"@type\":\"ImageObject\",\"inLanguage\":\"sk-SK\",\"@id\":\"https:\/\/www.vetom.club\/sk\/produkt\/vetom-2\/#primaryimage\",\"url\":\"https:\/\/www.vetom.club\/wp-content\/uploads\/2018\/07\/vetom-2_a.jpg\",\"contentUrl\":\"https:\/\/www.vetom.club\/wp-content\/uploads\/2018\/07\/vetom-2_a.jpg\",\"width\":750,\"height\":500},{\"@type\":\"BreadcrumbList\",\"@id\":\"https:\/\/www.vetom.club\/sk\/produkt\/vetom-2\/#breadcrumb\",\"itemListElement\":[{\"@type\":\"ListItem\",\"position\":1,\"name\":\"Vetom Club\",\"item\":\"https:\/\/www.vetom.club\/sk\/\"},{\"@type\":\"ListItem\",\"position\":2,\"name\":\"Obchod\",\"item\":\"https:\/\/www.vetom.club\/sk\/obchod\/\"},{\"@type\":\"ListItem\",\"position\":3,\"name\":\"Vetom 2\"}]},{\"@type\":\"WebSite\",\"@id\":\"https:\/\/www.vetom.club\/sk\/#website\",\"url\":\"https:\/\/www.vetom.club\/sk\/\",\"name\":\"VETOM Club\",\"description\":\"Revolu\u010dn\u00ed aktiv\u00e1tor imunity na p\u0159\u00edrodn\u00ed b\u00e1zi\",\"publisher\":{\"@id\":\"https:\/\/www.vetom.club\/sk\/#organization\"},\"potentialAction\":[{\"@type\":\"SearchAction\",\"target\":{\"@type\":\"EntryPoint\",\"urlTemplate\":\"https:\/\/www.vetom.club\/sk\/?s={search_term_string}\"},\"query-input\":{\"@type\":\"PropertyValueSpecification\",\"valueRequired\":true,\"valueName\":\"search_term_string\"}}],\"inLanguage\":\"sk-SK\"},{\"@type\":\"Organization\",\"@id\":\"https:\/\/www.vetom.club\/sk\/#organization\",\"name\":\"Vetom Club\",\"url\":\"https:\/\/www.vetom.club\/sk\/\",\"logo\":{\"@type\":\"ImageObject\",\"inLanguage\":\"sk-SK\",\"@id\":\"https:\/\/www.vetom.club\/sk\/#\/schema\/logo\/image\/\",\"url\":\"https:\/\/www.vetom.club\/wp-content\/uploads\/2017\/11\/vetom-club-logo-1.png\",\"contentUrl\":\"https:\/\/www.vetom.club\/wp-content\/uploads\/2017\/11\/vetom-club-logo-1.png\",\"width\":270,\"height\":60,\"caption\":\"Vetom Club\"},\"image\":{\"@id\":\"https:\/\/www.vetom.club\/sk\/#\/schema\/logo\/image\/\"},\"sameAs\":[\"https:\/\/www.facebook.com\/Vetom-Club-1823484797939610\/\"]}]}<\/script>\n<meta property=\"product:brand\" content=\"Vetom\" \/>\n<meta property=\"product:price:amount\" content=\"27.00\" \/>\n<meta property=\"product:price:currency\" content=\"EUR\" \/>\n<meta property=\"og:availability\" content=\"instock\" \/>\n<meta property=\"product:availability\" content=\"instock\" \/>\n<meta property=\"product:retailer_item_id\" content=\"VET2\" \/>\n<meta property=\"product:condition\" content=\"new\" \/>\n<!-- \/ Yoast SEO Premium plugin. -->","yoast_head_json":{"title":"Vetom 2","description":"Vetom 2 p\u00f4sobia v tenkom aj hrubom \u010dreve s\u00fa\u010dasne. Prepar\u00e1t tlm\u00ed rast chlam\u00fddi\u00ed. U\u017eitie pri cirh\u00f3ze pe\u010dene, \u010drevn\u00fdch z\u00e1paloch. P\u00f4sob\u00ed na zn\u00ed\u017eenie hmotnosti.","robots":{"index":"index","follow":"follow","max-snippet":"max-snippet:-1","max-image-preview":"max-image-preview:large","max-video-preview":"max-video-preview:-1"},"canonical":"https:\/\/www.vetom.club\/sk\/produkt\/vetom-2\/","og_locale":"sk_SK","og_type":"article","og_title":"Vetom 2","og_description":"Vetom 2 - \u010distenie a stimul\u00e1cia \u010dinnosti tenk\u00e9ho a hrub\u00e9ho \u010dreva Veto 2 obsahuje bioakt\u00edvne zlo\u017eky tvorenej bakt\u00e9riami Bacillus amyloliquefaciens kme\u0148 VKPM B-10642 (DSM 24614) a Bacillus amyloliquefaciens kme\u0148 VKPM B-10643 (DSM 24615), ako aj pomocn\u00e9 l\u00e1tky- \u0161krob a pr\u00e1\u0161kov\u00fd cukor.  Bakt\u00e9rie Vetom 2 p\u00f4sobia v tenkom aj hrubom \u010dreve s\u00fa\u010dasne.  Pozor! Ni\u017e\u0161ia koncentr\u00e1cia bakt\u00e9ri\u00ed. Vhodn\u00e9 a\u017e po vyu\u017e\u00edvan\u00ed intenz\u00edvnej Sady Vetom na udr\u017eanie prospe\u0161n\u00fdch bakt\u00e9ri\u00ed v tele. Alebo pre deti.\u00a0 Viac inform\u00e1ci\u00ed ...","og_url":"https:\/\/www.vetom.club\/sk\/produkt\/vetom-2\/","og_site_name":"VETOM Club","article_publisher":"https:\/\/www.facebook.com\/Vetom-Club-1823484797939610\/","article_modified_time":"2021-11-22T22:45:58+00:00","og_image":[{"width":750,"height":500,"url":"https:\/\/www.vetom.club\/wp-content\/uploads\/2018\/07\/vetom-2_a.jpg","type":"image\/jpeg"}],"twitter_card":"summary_large_image","twitter_misc":{"Cena":"&euro;27.00","Dostupnos\u0165":"Na sklade"},"schema":{"@context":"https:\/\/schema.org","@graph":[{"@type":"WebPage","@id":"https:\/\/www.vetom.club\/sk\/produkt\/vetom-2\/","url":"https:\/\/www.vetom.club\/sk\/produkt\/vetom-2\/","name":"Vetom 2","isPartOf":{"@id":"https:\/\/www.vetom.club\/sk\/#website"},"primaryImageOfPage":{"@id":"https:\/\/www.vetom.club\/sk\/produkt\/vetom-2\/#primaryimage"},"image":{"@id":"https:\/\/www.vetom.club\/sk\/produkt\/vetom-2\/#primaryimage"},"thumbnailUrl":"https:\/\/www.vetom.club\/wp-content\/uploads\/2018\/07\/vetom-2_a.jpg","datePublished":"2017-02-06T21:17:55+00:00","dateModified":"2021-11-22T22:45:58+00:00","description":"Vetom 2 p\u00f4sobia v tenkom aj hrubom \u010dreve s\u00fa\u010dasne. Prepar\u00e1t tlm\u00ed rast chlam\u00fddi\u00ed. U\u017eitie pri cirh\u00f3ze pe\u010dene, \u010drevn\u00fdch z\u00e1paloch. P\u00f4sob\u00ed na zn\u00ed\u017eenie hmotnosti.","breadcrumb":{"@id":"https:\/\/www.vetom.club\/sk\/produkt\/vetom-2\/#breadcrumb"},"inLanguage":"sk-SK","potentialAction":[{"@type":"ReadAction","target":["https:\/\/www.vetom.club\/sk\/produkt\/vetom-2\/"]}]},{"@type":"ImageObject","inLanguage":"sk-SK","@id":"https:\/\/www.vetom.club\/sk\/produkt\/vetom-2\/#primaryimage","url":"https:\/\/www.vetom.club\/wp-content\/uploads\/2018\/07\/vetom-2_a.jpg","contentUrl":"https:\/\/www.vetom.club\/wp-content\/uploads\/2018\/07\/vetom-2_a.jpg","width":750,"height":500},{"@type":"BreadcrumbList","@id":"https:\/\/www.vetom.club\/sk\/produkt\/vetom-2\/#breadcrumb","itemListElement":[{"@type":"ListItem","position":1,"name":"Vetom Club","item":"https:\/\/www.vetom.club\/sk\/"},{"@type":"ListItem","position":2,"name":"Obchod","item":"https:\/\/www.vetom.club\/sk\/obchod\/"},{"@type":"ListItem","position":3,"name":"Vetom 2"}]},{"@type":"WebSite","@id":"https:\/\/www.vetom.club\/sk\/#website","url":"https:\/\/www.vetom.club\/sk\/","name":"VETOM Club","description":"Revolu\u010dn\u00ed aktiv\u00e1tor imunity na p\u0159\u00edrodn\u00ed b\u00e1zi","publisher":{"@id":"https:\/\/www.vetom.club\/sk\/#organization"},"potentialAction":[{"@type":"SearchAction","target":{"@type":"EntryPoint","urlTemplate":"https:\/\/www.vetom.club\/sk\/?s={search_term_string}"},"query-input":{"@type":"PropertyValueSpecification","valueRequired":true,"valueName":"search_term_string"}}],"inLanguage":"sk-SK"},{"@type":"Organization","@id":"https:\/\/www.vetom.club\/sk\/#organization","name":"Vetom Club","url":"https:\/\/www.vetom.club\/sk\/","logo":{"@type":"ImageObject","inLanguage":"sk-SK","@id":"https:\/\/www.vetom.club\/sk\/#\/schema\/logo\/image\/","url":"https:\/\/www.vetom.club\/wp-content\/uploads\/2017\/11\/vetom-club-logo-1.png","contentUrl":"https:\/\/www.vetom.club\/wp-content\/uploads\/2017\/11\/vetom-club-logo-1.png","width":270,"height":60,"caption":"Vetom Club"},"image":{"@id":"https:\/\/www.vetom.club\/sk\/#\/schema\/logo\/image\/"},"sameAs":["https:\/\/www.facebook.com\/Vetom-Club-1823484797939610\/"]}]},"product_brand":"Vetom","product_price_amount":"27.00","product_price_currency":"EUR","og_availability":"instock","product_availability":"instock","product_retailer_item_id":"VET2","product_condition":"new"},"_links":{"self":[{"href":"https:\/\/www.vetom.club\/sk\/wp-json\/wp\/v2\/product\/70344","targetHints":{"allow":["GET"]}}],"collection":[{"href":"https:\/\/www.vetom.club\/sk\/wp-json\/wp\/v2\/product"}],"about":[{"href":"https:\/\/www.vetom.club\/sk\/wp-json\/wp\/v2\/types\/product"}],"wp:featuredmedia":[{"embeddable":true,"href":"https:\/\/www.vetom.club\/sk\/wp-json\/wp\/v2\/media\/70822"}],"wp:attachment":[{"href":"https:\/\/www.vetom.club\/sk\/wp-json\/wp\/v2\/media?parent=70344"}],"wp:term":[{"taxonomy":"product_brand","embeddable":true,"href":"https:\/\/www.vetom.club\/sk\/wp-json\/wp\/v2\/product_brand?post=70344"},{"taxonomy":"product_cat","embeddable":true,"href":"https:\/\/www.vetom.club\/sk\/wp-json\/wp\/v2\/product_cat?post=70344"},{"taxonomy":"product_tag","embeddable":true,"href":"https:\/\/www.vetom.club\/sk\/wp-json\/wp\/v2\/product_tag?post=70344"}],"curies":[{"name":"wp","href":"https:\/\/api.w.org\/{rel}","templated":true}]}}