{"id":70410,"date":"2017-07-26T01:11:40","date_gmt":"2017-07-25T23:11:40","guid":{"rendered":"https:\/\/new.vetom.club\/produkt\/vetom-2-26\/"},"modified":"2021-12-07T23:41:35","modified_gmt":"2021-12-07T22:41:35","slug":"vetom-2-26","status":"publish","type":"product","link":"https:\/\/www.vetom.club\/sk\/produkt\/vetom-2-26\/","title":{"rendered":"Vetom 2.26"},"content":{"rendered":"<h3><strong><a id=\"summary\"><\/a>Vetom 2.26<\/strong><\/h3>\n<p style=\"text-align: justify;\">Prepar\u00e1t sl\u00fa\u017ei ako dodato\u010dn\u00fd zdroj probiotick\u00fdch mikroorganizmov.<br \/>\n<strong>Vetom 2.26 stimuluje \u010dinnos\u0165 tenk\u00e9ho a hrub\u00e9ho \u010dreva s\u00fa\u010dasne.<\/strong><\/p>\n<p><strong>Vetom 2.26 m\u00e1 kvapaln\u00fa formu, neobsahuje sachar\u00f3zu, preto je vhodn\u00fd aj pre diabetikov.<\/strong><\/p>\n<h4><strong>Zlo\u017eenie:<\/strong><\/h4>\n<p style=\"text-align: justify;\">V\u00fd\u0165a\u017eok z kukurice fermentovan\u00fd bakt\u00e9riami rekombinantn\u00e9ho kme\u0148a Bacillus subtilis VKPM \u0412-10641 (DSM 24613), Bacillus amyloliquefaciens VKPM \u0412-10643 (DSM 24615), chlorid sodn\u00fd, destilovan\u00e1 voda. Obsah balenia: 10 mililitrov kvapaliny vo flak\u00f3ne.<br \/>\nVetom 2.26 sa u\u017e\u00edva peror\u00e1lne.<\/p>\n<h4><strong>Vlastnosti:<\/strong><\/h4>\n<p style=\"text-align: justify;\">Vetom 2.26 vo forme kvapaliny obsahuje bioakt\u00edvne zlo\u017eky tvorenej bakt\u00e9riami Bacillus subtilis VKPM \u0412-10641 (DSM 24613), Bacillus amyloliquefaciens VKPM \u0412-10643 (DSM 24615), ako aj kukuri\u010dn\u00fd extrakt, chlorid sodn\u00fd a destilovan\u00fa vodu.<\/p>\n<p style=\"text-align: justify;\">Vlastnosti bakt\u00e9ri\u00ed Bacillus subtilis a Bacillus amyloliquefaciens n\u00e1sob\u00ed v \u010drev\u00e1ch biologicky akt\u00edvne l\u00e1tky, ktor\u00e9 potl\u00e1\u010daj\u00fa rast a v\u00fdvoj patog\u00e9nne a podmiene\u010dne patog\u00e9nne mikrofl\u00f3ry. V d\u00f4sledku tohto procesu sa \u010drevn\u00e1 mikrofl\u00f3ra normalizuje, <strong>steny tr\u00e1viaceho traktu sa \u010dist\u00ed od nestr\u00e1vite\u013en\u00fdch a hnilobn\u00fdch zvy\u0161kov potrav\u00edn, \u010do podporuje odstr\u00e1nenie tox\u00ednov z tela<\/strong>.<\/p>\n<p style=\"text-align: justify;\">P\u00f4soben\u00edm pr\u00edpravku Vetom 2.26 doch\u00e1dza v tele k lep\u0161iemu tr\u00e1veniu, vstreb\u00e1vaniu a metabolizmu \u017eeleza, v\u00e1pnika, tukov, bielkov\u00edn, sacharidov, triglyceridov, aminokysel\u00edn, dipeptidov, cukrov, sol\u00ed \u017el\u010dov\u00fdch kysel\u00edn a k vyv\u00e1\u017een\u00e9mu pH prostredie v tr\u00e1viacom trakte.<\/p>\n<h4><strong>Aplik\u00e1cie &#8211; doporu\u010den\u00e9 d\u00e1vkovanie:<\/strong><\/h4>\n<p>D\u00e1vkovanie pr\u00edpravku ur\u010duje \u00fa\u010del jeho pou\u017eitia.<\/p>\n<h4><strong>D\u00e1vkovanie pri prevencii:<\/strong><\/h4>\n<p style=\"text-align: justify;\">Odpor\u00fa\u010da sa po dobu 10 dn\u00ed u\u017e\u00edva\u0165 Vetom 2.26 po jedle 2-3x denne po 2 kvapk\u00e1ch, tj. maxim\u00e1lne 4-6 kvapiek denne. Ak sa neobjavia \u017eiadne zjavn\u00e9 zdravotn\u00e9 probl\u00e9my, posta\u010d\u00ed k\u00faru opakova\u0165 4x ro\u010dne.<\/p>\n<h4><strong>Skladovanie a uchov\u00e1vanie pr\u00edpravku Vetom 2.26:<\/strong><\/h4>\n<p style=\"text-align: justify;\">Trvanlivos\u0165 neotvoren\u00e9ho pr\u00edpravku je 2 roky. Po otvoren\u00ed je nutn\u00e9 uchov\u00e1va\u0165 pr\u00edpravok pri teplote 0-10 \u00b0 C, najlep\u0161ie v chladni\u010dke. V pr\u00edpade, \u017ee je otvoren\u00fd v\u00fdrobok vystaven\u00fd teplote 10-30 \u00b0 C, doba spotreby sa zni\u017euje na 20 dn\u00ed.<\/p>\n<h4><strong>Upozornenie:<\/strong><\/h4>\n<p style=\"text-align: justify;\">Nepod\u00e1vajte veto 2.26 spolo\u010dne s antibiotikami, sulf\u00f3namidy a \u010fal\u0161\u00edmi prepar\u00e1ty obsahuj\u00facimi probiotick\u00e9 mikroorganizmy.<br \/>\nPrijate\u013en\u00e9 v\u0161ak je kombinova\u0165 Vetom 2.26 s antibiotikami pri vyu\u017eit\u00ed in\u00e9ho sp\u00f4sobu a met\u00f3dy na ich podanie. Napr\u00edklad antibiotik\u00e1 &#8211; vo forme injekci\u00ed a Vetom 2.26 &#8211; peror\u00e1lne.<br \/>\nSkladujte mimo dosahu det\u00ed.<\/p>\n<h4><strong>Kontraindik\u00e1cie:<\/strong><\/h4>\n<p style=\"text-align: justify;\">Neodpor\u00fa\u010da sa v pr\u00edpade nezn\u00e1\u0161anlivosti jednotliv\u00fdch zlo\u017eiek pr\u00edpravku.<\/p>\n<p style=\"text-align: justify;\">Pr\u00edpravok Vetom 2.26 je vhodn\u00fd aj pre diabetikov.<br \/>\nPr\u00edpravok Vetom 2.26 nie je n\u00e1vykov\u00fd.<br \/>\nPr\u00edpravok Vetom 2.26 nie je karcinog\u00e9nna, mutuj\u00face a alergizuj\u00face. Nie s\u00fa zn\u00e1me \u017eiadne ved\u013eaj\u0161ie \u00fa\u010dinky na funkciu riadenia motorov\u00e9ho vozidla.<\/p>\n<p>Vetom nie je liek!<\/p>\n","protected":false},"excerpt":{"rendered":"<p style=\"text-align: justify;\"><strong>Vetom 2.26<\/strong> &#8211; Biologicky akt\u00edvna l\u00e1tka, koncentr\u00e1t prepar\u00e1tu <strong><a href=\"https:\/\/www.vetom.club\/sk\/produkt\/vetom-2\/\">Vetom 2<\/a><\/strong> <strong>v kvapalnej forme<\/strong>.<br \/>\nVetom 2.26 <strong>p\u00f4sob\u00ed na stimul\u00e1ciu a \u010dinnos\u0165 tenk\u00e9ho a hrub\u00e9ho \u010dreva s\u00fa\u010dasne.<\/strong><\/p>\n<p style=\"text-align: justify;\">Prepar\u00e1t Vetom 2.26 sl\u00fa\u017ei ako dodato\u010dn\u00fd zdroj probiotick\u00fdch mikroorganizmov.<br \/>\n<strong>Neobsahuje sachar\u00f3zu, preto je vhodn\u00fd aj pre diabetikov<\/strong>.<br \/>\n<span style=\"color: #ff0000;\"><strong>Pre konzult\u00e1cie zanechajte V\u00e1\u0161 telef\u00f3n a p\u00ed\u0161te cez <a href=\"https:\/\/www.vetom.club\/sk\/kontakt\/\">Kontaktn\u00fd formul\u00e1r.<\/a><\/strong><\/span><\/p>\n<p><span style=\"color: #000000;\"><strong><a style=\"color: #000000;\" href=\"#summary\">Viac inform\u00e1ci\u00ed&#8230;<\/a><\/strong><\/span><\/p>\n","protected":false},"featured_media":70774,"template":"","meta":{"_exactmetrics_skip_tracking":false,"_exactmetrics_sitenote_active":false,"_exactmetrics_sitenote_note":"","_exactmetrics_sitenote_category":0},"product_brand":[],"product_cat":[579],"product_tag":[592,591,788,596,595,590],"class_list":{"0":"post-70410","1":"product","2":"type-product","3":"status-publish","4":"has-post-thumbnail","6":"product_cat-vetom-sk","7":"product_tag-bacillus-amyloliquefaciens-sk","8":"product_tag-bacillus-subtilis-sk","9":"product_tag-cz_kc-sk","10":"product_tag-hrube-crevo","11":"product_tag-tenke-crevo","12":"product_tag-vetom-2-26-sk","13":"sales-flash-overlay","14":"woocommerce-text-align-center","15":"woocommerce-image-align-center","16":"do-quantity-buttons","18":"first","19":"outofstock","20":"shipping-taxable","21":"purchasable","22":"product-type-simple"},"yoast_head":"<!-- This site is optimized with the Yoast SEO Premium plugin v21.7 (Yoast SEO v25.9) - https:\/\/yoast.com\/wordpress\/plugins\/seo\/ -->\n<title>Vetom 2.26 - stimul\u00e1cia tenk\u00e9ho a hrub\u00e9ho \u010dreva<\/title>\n<meta name=\"description\" content=\"Vetom 2.26 - posob\u00ed v tenkom aj hrubom \u010dreve s\u00fa\u010dasne. Koncentr\u00e1t prepar\u00e1tu Vetom 2 v kvapalnej forme, Vhodn\u00e9 aj pre diabetikov. U\u017e\u00edv\u00e1 sa ako dodato\u010dn\u00fd zdroj probiotick\u00fdch mikrookganizmov a enz\u00fdmov.\" \/>\n<meta name=\"robots\" content=\"index, follow, max-snippet:-1, max-image-preview:large, max-video-preview:-1\" \/>\n<link rel=\"canonical\" href=\"https:\/\/www.vetom.club\/sk\/produkt\/vetom-2-26\/\" \/>\n<meta property=\"og:locale\" content=\"sk_SK\" \/>\n<meta property=\"og:type\" content=\"article\" \/>\n<meta property=\"og:title\" content=\"Vetom 2.26\" \/>\n<meta property=\"og:description\" content=\"Vetom 2.26 - Biologicky akt\u00edvna l\u00e1tka, koncentr\u00e1t prepar\u00e1tu Vetom 2 v kvapalnej forme. Vetom 2.26 p\u00f4sob\u00ed na stimul\u00e1ciu a \u010dinnos\u0165 tenk\u00e9ho a hrub\u00e9ho \u010dreva s\u00fa\u010dasne. Prepar\u00e1t Vetom 2.26 sl\u00fa\u017ei ako dodato\u010dn\u00fd zdroj probiotick\u00fdch mikroorganizmov. Neobsahuje sachar\u00f3zu, preto je vhodn\u00fd aj pre diabetikov. Pre konzult\u00e1cie zanechajte V\u00e1\u0161 telef\u00f3n a p\u00ed\u0161te cez Kontaktn\u00fd formul\u00e1r. Viac inform\u00e1ci\u00ed...\" \/>\n<meta property=\"og:url\" content=\"https:\/\/www.vetom.club\/sk\/produkt\/vetom-2-26\/\" \/>\n<meta property=\"og:site_name\" content=\"VETOM Club\" \/>\n<meta property=\"article:publisher\" content=\"https:\/\/www.facebook.com\/Vetom-Club-1823484797939610\/\" \/>\n<meta property=\"article:modified_time\" content=\"2021-12-07T22:41:35+00:00\" \/>\n<meta property=\"og:image\" content=\"https:\/\/www.vetom.club\/wp-content\/uploads\/2018\/07\/vetom-2.26.png\" \/>\n\t<meta property=\"og:image:width\" content=\"750\" \/>\n\t<meta property=\"og:image:height\" content=\"500\" \/>\n\t<meta property=\"og:image:type\" content=\"image\/png\" \/>\n<meta name=\"twitter:card\" content=\"summary_large_image\" \/>\n<meta name=\"twitter:label1\" content=\"Cena\" \/>\n\t<meta name=\"twitter:data1\" content=\"&euro;28.00\" \/>\n\t<meta name=\"twitter:label2\" content=\"Dostupnos\u0165\" \/>\n\t<meta name=\"twitter:data2\" content=\"Nie je na sklade\" \/>\n<script type=\"application\/ld+json\" class=\"yoast-schema-graph\">{\"@context\":\"https:\/\/schema.org\",\"@graph\":[{\"@type\":\"WebPage\",\"@id\":\"https:\/\/www.vetom.club\/sk\/produkt\/vetom-2-26\/\",\"url\":\"https:\/\/www.vetom.club\/sk\/produkt\/vetom-2-26\/\",\"name\":\"Vetom 2.26 - stimul\u00e1cia tenk\u00e9ho a hrub\u00e9ho \u010dreva\",\"isPartOf\":{\"@id\":\"https:\/\/www.vetom.club\/sk\/#website\"},\"primaryImageOfPage\":{\"@id\":\"https:\/\/www.vetom.club\/sk\/produkt\/vetom-2-26\/#primaryimage\"},\"image\":{\"@id\":\"https:\/\/www.vetom.club\/sk\/produkt\/vetom-2-26\/#primaryimage\"},\"thumbnailUrl\":\"https:\/\/www.vetom.club\/wp-content\/uploads\/2018\/07\/vetom-2.26.png\",\"datePublished\":\"2017-07-25T23:11:40+00:00\",\"dateModified\":\"2021-12-07T22:41:35+00:00\",\"description\":\"Vetom 2.26 - posob\u00ed v tenkom aj hrubom \u010dreve s\u00fa\u010dasne. Koncentr\u00e1t prepar\u00e1tu Vetom 2 v kvapalnej forme, Vhodn\u00e9 aj pre diabetikov. U\u017e\u00edv\u00e1 sa ako dodato\u010dn\u00fd zdroj probiotick\u00fdch mikrookganizmov a enz\u00fdmov.\",\"breadcrumb\":{\"@id\":\"https:\/\/www.vetom.club\/sk\/produkt\/vetom-2-26\/#breadcrumb\"},\"inLanguage\":\"sk-SK\",\"potentialAction\":[{\"@type\":\"ReadAction\",\"target\":[\"https:\/\/www.vetom.club\/sk\/produkt\/vetom-2-26\/\"]}]},{\"@type\":\"ImageObject\",\"inLanguage\":\"sk-SK\",\"@id\":\"https:\/\/www.vetom.club\/sk\/produkt\/vetom-2-26\/#primaryimage\",\"url\":\"https:\/\/www.vetom.club\/wp-content\/uploads\/2018\/07\/vetom-2.26.png\",\"contentUrl\":\"https:\/\/www.vetom.club\/wp-content\/uploads\/2018\/07\/vetom-2.26.png\",\"width\":750,\"height\":500},{\"@type\":\"BreadcrumbList\",\"@id\":\"https:\/\/www.vetom.club\/sk\/produkt\/vetom-2-26\/#breadcrumb\",\"itemListElement\":[{\"@type\":\"ListItem\",\"position\":1,\"name\":\"Vetom Club\",\"item\":\"https:\/\/www.vetom.club\/sk\/\"},{\"@type\":\"ListItem\",\"position\":2,\"name\":\"Obchod\",\"item\":\"https:\/\/www.vetom.club\/sk\/obchod\/\"},{\"@type\":\"ListItem\",\"position\":3,\"name\":\"Vetom 2.26\"}]},{\"@type\":\"WebSite\",\"@id\":\"https:\/\/www.vetom.club\/sk\/#website\",\"url\":\"https:\/\/www.vetom.club\/sk\/\",\"name\":\"VETOM Club\",\"description\":\"Revolu\u010dn\u00ed aktiv\u00e1tor imunity na p\u0159\u00edrodn\u00ed b\u00e1zi\",\"publisher\":{\"@id\":\"https:\/\/www.vetom.club\/sk\/#organization\"},\"potentialAction\":[{\"@type\":\"SearchAction\",\"target\":{\"@type\":\"EntryPoint\",\"urlTemplate\":\"https:\/\/www.vetom.club\/sk\/?s={search_term_string}\"},\"query-input\":{\"@type\":\"PropertyValueSpecification\",\"valueRequired\":true,\"valueName\":\"search_term_string\"}}],\"inLanguage\":\"sk-SK\"},{\"@type\":\"Organization\",\"@id\":\"https:\/\/www.vetom.club\/sk\/#organization\",\"name\":\"Vetom Club\",\"url\":\"https:\/\/www.vetom.club\/sk\/\",\"logo\":{\"@type\":\"ImageObject\",\"inLanguage\":\"sk-SK\",\"@id\":\"https:\/\/www.vetom.club\/sk\/#\/schema\/logo\/image\/\",\"url\":\"https:\/\/www.vetom.club\/wp-content\/uploads\/2017\/11\/vetom-club-logo-1.png\",\"contentUrl\":\"https:\/\/www.vetom.club\/wp-content\/uploads\/2017\/11\/vetom-club-logo-1.png\",\"width\":270,\"height\":60,\"caption\":\"Vetom Club\"},\"image\":{\"@id\":\"https:\/\/www.vetom.club\/sk\/#\/schema\/logo\/image\/\"},\"sameAs\":[\"https:\/\/www.facebook.com\/Vetom-Club-1823484797939610\/\"]}]}<\/script>\n<meta property=\"product:brand\" content=\"Vetom\" \/>\n<meta property=\"product:price:amount\" content=\"28.00\" \/>\n<meta property=\"product:price:currency\" content=\"EUR\" \/>\n<meta property=\"og:availability\" content=\"out of stock\" \/>\n<meta property=\"product:availability\" content=\"out of stock\" \/>\n<meta property=\"product:retailer_item_id\" content=\"VET226\" \/>\n<meta property=\"product:condition\" content=\"new\" \/>\n<!-- \/ Yoast SEO Premium plugin. -->","yoast_head_json":{"title":"Vetom 2.26 - stimul\u00e1cia tenk\u00e9ho a hrub\u00e9ho \u010dreva","description":"Vetom 2.26 - posob\u00ed v tenkom aj hrubom \u010dreve s\u00fa\u010dasne. Koncentr\u00e1t prepar\u00e1tu Vetom 2 v kvapalnej forme, Vhodn\u00e9 aj pre diabetikov. U\u017e\u00edv\u00e1 sa ako dodato\u010dn\u00fd zdroj probiotick\u00fdch mikrookganizmov a enz\u00fdmov.","robots":{"index":"index","follow":"follow","max-snippet":"max-snippet:-1","max-image-preview":"max-image-preview:large","max-video-preview":"max-video-preview:-1"},"canonical":"https:\/\/www.vetom.club\/sk\/produkt\/vetom-2-26\/","og_locale":"sk_SK","og_type":"article","og_title":"Vetom 2.26","og_description":"Vetom 2.26 - Biologicky akt\u00edvna l\u00e1tka, koncentr\u00e1t prepar\u00e1tu Vetom 2 v kvapalnej forme. Vetom 2.26 p\u00f4sob\u00ed na stimul\u00e1ciu a \u010dinnos\u0165 tenk\u00e9ho a hrub\u00e9ho \u010dreva s\u00fa\u010dasne. Prepar\u00e1t Vetom 2.26 sl\u00fa\u017ei ako dodato\u010dn\u00fd zdroj probiotick\u00fdch mikroorganizmov. Neobsahuje sachar\u00f3zu, preto je vhodn\u00fd aj pre diabetikov. Pre konzult\u00e1cie zanechajte V\u00e1\u0161 telef\u00f3n a p\u00ed\u0161te cez Kontaktn\u00fd formul\u00e1r. Viac inform\u00e1ci\u00ed...","og_url":"https:\/\/www.vetom.club\/sk\/produkt\/vetom-2-26\/","og_site_name":"VETOM Club","article_publisher":"https:\/\/www.facebook.com\/Vetom-Club-1823484797939610\/","article_modified_time":"2021-12-07T22:41:35+00:00","og_image":[{"width":750,"height":500,"url":"https:\/\/www.vetom.club\/wp-content\/uploads\/2018\/07\/vetom-2.26.png","type":"image\/png"}],"twitter_card":"summary_large_image","twitter_misc":{"Cena":"&euro;28.00","Dostupnos\u0165":"Nie je na sklade"},"schema":{"@context":"https:\/\/schema.org","@graph":[{"@type":"WebPage","@id":"https:\/\/www.vetom.club\/sk\/produkt\/vetom-2-26\/","url":"https:\/\/www.vetom.club\/sk\/produkt\/vetom-2-26\/","name":"Vetom 2.26 - stimul\u00e1cia tenk\u00e9ho a hrub\u00e9ho \u010dreva","isPartOf":{"@id":"https:\/\/www.vetom.club\/sk\/#website"},"primaryImageOfPage":{"@id":"https:\/\/www.vetom.club\/sk\/produkt\/vetom-2-26\/#primaryimage"},"image":{"@id":"https:\/\/www.vetom.club\/sk\/produkt\/vetom-2-26\/#primaryimage"},"thumbnailUrl":"https:\/\/www.vetom.club\/wp-content\/uploads\/2018\/07\/vetom-2.26.png","datePublished":"2017-07-25T23:11:40+00:00","dateModified":"2021-12-07T22:41:35+00:00","description":"Vetom 2.26 - posob\u00ed v tenkom aj hrubom \u010dreve s\u00fa\u010dasne. Koncentr\u00e1t prepar\u00e1tu Vetom 2 v kvapalnej forme, Vhodn\u00e9 aj pre diabetikov. U\u017e\u00edv\u00e1 sa ako dodato\u010dn\u00fd zdroj probiotick\u00fdch mikrookganizmov a enz\u00fdmov.","breadcrumb":{"@id":"https:\/\/www.vetom.club\/sk\/produkt\/vetom-2-26\/#breadcrumb"},"inLanguage":"sk-SK","potentialAction":[{"@type":"ReadAction","target":["https:\/\/www.vetom.club\/sk\/produkt\/vetom-2-26\/"]}]},{"@type":"ImageObject","inLanguage":"sk-SK","@id":"https:\/\/www.vetom.club\/sk\/produkt\/vetom-2-26\/#primaryimage","url":"https:\/\/www.vetom.club\/wp-content\/uploads\/2018\/07\/vetom-2.26.png","contentUrl":"https:\/\/www.vetom.club\/wp-content\/uploads\/2018\/07\/vetom-2.26.png","width":750,"height":500},{"@type":"BreadcrumbList","@id":"https:\/\/www.vetom.club\/sk\/produkt\/vetom-2-26\/#breadcrumb","itemListElement":[{"@type":"ListItem","position":1,"name":"Vetom Club","item":"https:\/\/www.vetom.club\/sk\/"},{"@type":"ListItem","position":2,"name":"Obchod","item":"https:\/\/www.vetom.club\/sk\/obchod\/"},{"@type":"ListItem","position":3,"name":"Vetom 2.26"}]},{"@type":"WebSite","@id":"https:\/\/www.vetom.club\/sk\/#website","url":"https:\/\/www.vetom.club\/sk\/","name":"VETOM Club","description":"Revolu\u010dn\u00ed aktiv\u00e1tor imunity na p\u0159\u00edrodn\u00ed b\u00e1zi","publisher":{"@id":"https:\/\/www.vetom.club\/sk\/#organization"},"potentialAction":[{"@type":"SearchAction","target":{"@type":"EntryPoint","urlTemplate":"https:\/\/www.vetom.club\/sk\/?s={search_term_string}"},"query-input":{"@type":"PropertyValueSpecification","valueRequired":true,"valueName":"search_term_string"}}],"inLanguage":"sk-SK"},{"@type":"Organization","@id":"https:\/\/www.vetom.club\/sk\/#organization","name":"Vetom Club","url":"https:\/\/www.vetom.club\/sk\/","logo":{"@type":"ImageObject","inLanguage":"sk-SK","@id":"https:\/\/www.vetom.club\/sk\/#\/schema\/logo\/image\/","url":"https:\/\/www.vetom.club\/wp-content\/uploads\/2017\/11\/vetom-club-logo-1.png","contentUrl":"https:\/\/www.vetom.club\/wp-content\/uploads\/2017\/11\/vetom-club-logo-1.png","width":270,"height":60,"caption":"Vetom Club"},"image":{"@id":"https:\/\/www.vetom.club\/sk\/#\/schema\/logo\/image\/"},"sameAs":["https:\/\/www.facebook.com\/Vetom-Club-1823484797939610\/"]}]},"product_brand":"Vetom","product_price_amount":"28.00","product_price_currency":"EUR","og_availability":"out of stock","product_availability":"out of stock","product_retailer_item_id":"VET226","product_condition":"new"},"_links":{"self":[{"href":"https:\/\/www.vetom.club\/sk\/wp-json\/wp\/v2\/product\/70410","targetHints":{"allow":["GET"]}}],"collection":[{"href":"https:\/\/www.vetom.club\/sk\/wp-json\/wp\/v2\/product"}],"about":[{"href":"https:\/\/www.vetom.club\/sk\/wp-json\/wp\/v2\/types\/product"}],"wp:featuredmedia":[{"embeddable":true,"href":"https:\/\/www.vetom.club\/sk\/wp-json\/wp\/v2\/media\/70774"}],"wp:attachment":[{"href":"https:\/\/www.vetom.club\/sk\/wp-json\/wp\/v2\/media?parent=70410"}],"wp:term":[{"taxonomy":"product_brand","embeddable":true,"href":"https:\/\/www.vetom.club\/sk\/wp-json\/wp\/v2\/product_brand?post=70410"},{"taxonomy":"product_cat","embeddable":true,"href":"https:\/\/www.vetom.club\/sk\/wp-json\/wp\/v2\/product_cat?post=70410"},{"taxonomy":"product_tag","embeddable":true,"href":"https:\/\/www.vetom.club\/sk\/wp-json\/wp\/v2\/product_tag?post=70410"}],"curies":[{"name":"wp","href":"https:\/\/api.w.org\/{rel}","templated":true}]}}