{"id":70449,"date":"2017-02-01T23:04:11","date_gmt":"2017-02-01T22:04:11","guid":{"rendered":"https:\/\/new.vetom.club\/produkt\/vetomgin-8-21\/"},"modified":"2021-03-22T18:48:52","modified_gmt":"2021-03-22T17:48:52","slug":"vetomgin-8-21","status":"publish","type":"product","link":"https:\/\/www.vetom.club\/sk\/produkt\/vetomgin-8-21\/","title":{"rendered":"Vetomgin 8.21"},"content":{"rendered":"<p style=\"text-align: justify;\"><span style=\"color: #333333; font-family: Georgia, 'Times New Roman', 'Bitstream Charter', Times, serif;\"><strong><a id=\"summary\"><\/a>Vetomgin 8.21<\/strong> obsahuje bakteri\u00e1lny kme\u0148 <strong>Bacillus subtilis VKPM B -10641 (DSM 24613), kme\u0148 Bacillus amyloliquefaciens VKPM B -10642 (DSM 24614) a kme\u0148 Bacillus amyloliquefaciens VKPM B -10643 (DSM 24615)<\/strong>. Prepar\u00e1t sa pou\u017e\u00edva ako prevent\u00edvny\u00a0 a ozdravuj\u00faco podporn\u00fd prostriedok a ako aktiv\u00e1tor imunity organizmu.<\/span><\/p>\n<h3><span style=\"color: #333333; font-family: Georgia, 'Times New Roman', 'Bitstream Charter', Times, serif;\">Zlo\u017eenie<\/span><\/h3>\n<p style=\"text-align: justify;\"><span style=\"color: #333333; font-family: Georgia, 'Times New Roman', 'Bitstream Charter', Times, serif;\">Zlo\u017eenie: 1 d\u00e1vka (1 \u0161umiv\u00e1 tableta BAL) obsahuje: potravinov\u00e9 doplnky E500 &#8211; 1200 mg a E330 &#8211; 750 mg; s\u00f3du bikarb\u00f3nu, kyselinu citr\u00f3nov\u00fa, such\u00fa kult\u00faru probiotick\u00fdch mikroorganizmov Bacillus subtilis kme\u0148 VKPM B-10641 (DSM 24613), Bacillus amyloliquefaciens kme\u0148 VKPM B-10642 (DSM 24614), Bacillus amyloliquefaciens kme\u0148 VKPM B-10643 (DSM 24615) s titrom minim\u00e1lne 1\u0445106 KTJ \/ g &#8211; 50 mg. <strong>Obsah balenia:<\/strong> 15 \u0161umiv\u00fdch tabliet s hmotnos\u0165ou 2 g na 1 kus.<\/span><\/p>\n<h3><span style=\"color: #333333; font-family: Georgia, 'Times New Roman', 'Bitstream Charter', Times, serif;\">Pou\u017eitie:<\/span><\/h3>\n<ul>\n<li><span style=\"color: #333333; font-family: Georgia, 'Times New Roman', 'Bitstream Charter', Times, serif;\">pri nachladnut\u00ed, v po\u010diato\u010dnom \u0161t\u00e1diu vir\u00f3zy\u00a0<\/span>\u010falej<\/li>\n<li>pri gynekologick\u00fdch probl\u00e9moch<\/li>\n<\/ul>\n<h3><span style=\"color: #333333; font-family: Georgia, 'Times New Roman', 'Bitstream Charter', Times, serif;\">Aplik\u00e1cia a d\u00e1vkovanie:<\/span><\/h3>\n<p style=\"text-align: justify;\"><span style=\"color: #333333; font-family: Georgia, 'Times New Roman', 'Bitstream Charter', Times, serif;\">Pri vir\u00f3ze a nachladnut\u00ed &#8211; rozpusti\u0165 tabletu v 100-200 ml vody, pop\u00edja\u0165 rozpusten\u00fd obsah 5x &#8211; 7x denne, tj. V\u017edy rozpusti\u0165 nov\u00fa tabletu.<\/span><\/p>\n<p style=\"text-align: justify;\"><span style=\"color: #333333; font-family: Georgia, 'Times New Roman', 'Bitstream Charter', Times, serif;\">V pr\u00edpade or\u00e1lneho u\u017e\u00edvania nekombinujte s in\u00fdmi prepar\u00e1tmi Vetom (1.1., 2, 3, 4)<\/span><\/p>\n<h3><span style=\"color: #333333; font-family: Georgia, 'Times New Roman', 'Bitstream Charter', Times, serif;\">D\u00f4le\u017eit\u00e9 upozornenia:<\/span><\/h3>\n<p style=\"text-align: justify;\"><span style=\"color: #333333; font-family: Georgia, 'Times New Roman', 'Bitstream Charter', Times, serif;\">Tablety pr\u00edpravku udr\u017eujte mimo dosahu det\u00ed.<\/span><\/p>\n<p style=\"text-align: justify;\"><span style=\"color: #ff0000;\"><strong><span style=\"font-family: Georgia, 'Times New Roman', 'Bitstream Charter', Times, serif;\">V pr\u00edpade peror\u00e1lneho u\u017e\u00edvania tablety nepreh\u013atajte, ne\u017eujte ani nevycuc\u00e1vejte v dutine \u00fastnej!<\/span><\/strong><\/span><\/p>\n<p style=\"text-align: justify;\"><span style=\"color: #333333; font-family: Georgia, 'Times New Roman', 'Bitstream Charter', Times, serif;\">Nepou\u017e\u00edvajte pr\u00edpravok v spojen\u00ed s antibiotikami, sulf\u00f3namidy a in\u00fdmi antiseptick\u00fdmi \u010dinidlami.<\/span><\/p>\n<h3 style=\"text-align: justify;\"><span style=\"color: #333333; font-family: Georgia, 'Times New Roman', 'Bitstream Charter', Times, serif;\">Odpor\u00fa\u010danie:<\/span><\/h3>\n<p><span style=\"color: #333333; font-family: Georgia, 'Times New Roman', 'Bitstream Charter', Times, serif;\">Uchov\u00e1vajte v suchu.<\/span><\/p>\n<h3><span style=\"color: #333333; font-family: Georgia, 'Times New Roman', 'Bitstream Charter', Times, serif;\">Kontraindik\u00e1cie:<\/span><\/h3>\n<p style=\"text-align: justify;\"><span style=\"color: #333333; font-family: Georgia, 'Times New Roman', 'Bitstream Charter', Times, serif;\">Vo v\u00fdnimo\u010dn\u00fdch pr\u00edpadoch pri vagin\u00e1lnom zav\u00e1dzan\u00ed m\u00f4\u017ee d\u00f4js\u0165\u00a0 pri\u00a0 styku pr\u00edpravku so sliznicou k p\u00e1leniu alebo svrbeniu, ktor\u00e9 by malo do pol hodiny odznie\u0165. Potom sa odpor\u00fa\u010da umy\u0165 miesto teplou vodou.<\/span><\/p>\n<p style=\"text-align: justify;\"><span style=\"color: #333333; font-family: Georgia, 'Times New Roman', 'Bitstream Charter', Times, serif;\">Pr\u00edpravok Vetomgin 8.21 nie je karcinog\u00e9nny, mutuj\u00faci\u00a0 a alergizuj\u00faci.<\/span><\/p>\n<p style=\"text-align: justify;\"><span style=\"color: #333333; font-family: Georgia, 'Times New Roman', 'Bitstream Charter', Times, serif;\">Nie s\u00fa zn\u00e1me \u017eiadne ved\u013eaj\u0161ie \u00fa\u010dinky na vedenie motorov\u00e9ho vozidla.<\/span><\/p>\n","protected":false},"excerpt":{"rendered":"<h4><strong><span style=\"color: #333333; font-family: Georgia, 'Times New Roman', 'Bitstream Charter', Times, serif;\">Vetomgin 8.21 <\/span><\/strong><\/h4>\n<h4><strong><span style=\"color: #333333; font-family: Georgia, 'Times New Roman', 'Bitstream Charter', Times, serif;\">&#8211; doplnkov\u00fd zdroj probiotick\u00fdch mikroorganismov<\/span><\/strong><\/h4>\n<h4><strong><span style=\"color: #333333; font-family: Georgia, 'Times New Roman', 'Bitstream Charter', Times, serif;\">&#8211; antiseptick\u00fd a protiz\u00e1palov\u00fd \u00fa\u010dinok<\/span><\/strong><\/h4>\n<p><strong><span style=\"color: #333333; font-family: Georgia, 'Times New Roman', 'Bitstream Charter', Times, serif;\">&#8211; optimaliz\u00e1cia syst\u00e9mov chr\u00e1niacich telo pred vonkaj\u0161\u00edmi infek\u010dn\u00fdmi mikroorganizmami<\/span><\/strong><\/p>\n<p style=\"text-align: justify;\"><span style=\"color: #333333; font-family: Georgia, 'Times New Roman', 'Bitstream Charter', Times, serif;\">Pod vplyvom biologicky aktivn\u00fdch zlo\u017eek prepar\u00e1tu je aktivov\u00e1n tzv. Krebs\u016fv cyklus. Jde o akt\u00edvny pr\u00edvod a z\u00e1sobovanie buniek kysl\u00edkom.<\/span><\/p>\n<p style=\"text-align: justify;\"><a href=\"#summary\"><strong>Viac inform\u00e1ci\u00ed&#8230;<\/strong><\/a><\/p>\n","protected":false},"featured_media":70798,"template":"","meta":{"_exactmetrics_skip_tracking":false,"_exactmetrics_sitenote_active":false,"_exactmetrics_sitenote_note":"","_exactmetrics_sitenote_category":0},"product_brand":[],"product_cat":[579],"product_tag":[788,868],"class_list":{"0":"post-70449","1":"product","2":"type-product","3":"status-publish","4":"has-post-thumbnail","6":"product_cat-vetom-sk","7":"product_tag-cz_kc-sk","8":"product_tag-krebsov-cyklus","9":"sales-flash-overlay","10":"woocommerce-text-align-center","11":"woocommerce-image-align-center","12":"do-quantity-buttons","14":"first","15":"instock","16":"shipping-taxable","17":"purchasable","18":"product-type-simple"},"yoast_head":"<!-- This site is optimized with the Yoast SEO Premium plugin v21.7 (Yoast SEO v25.9) - https:\/\/yoast.com\/wordpress\/plugins\/seo\/ -->\n<title>Vetomgin 8.21<\/title>\n<meta name=\"description\" content=\"Doplnkov\u00fd zdroj probiotick\u00fdch mikroorganismov. Optimaliz\u00e1cia syst\u00e9mov chr\u00e1niacich telo pred vonkaj\u0161\u00edmi infek\u010dn\u00fdmi mikroorganizmami.\" \/>\n<meta name=\"robots\" content=\"index, follow, max-snippet:-1, max-image-preview:large, max-video-preview:-1\" \/>\n<link rel=\"canonical\" href=\"https:\/\/www.vetom.club\/sk\/produkt\/vetomgin-8-21\/\" \/>\n<meta property=\"og:locale\" content=\"sk_SK\" \/>\n<meta property=\"og:type\" content=\"article\" \/>\n<meta property=\"og:title\" content=\"Vetomgin 8.21\" \/>\n<meta property=\"og:description\" content=\"Vetomgin 8.21  - doplnkov\u00fd zdroj probiotick\u00fdch mikroorganismov - antiseptick\u00fd a protiz\u00e1palov\u00fd \u00fa\u010dinok - optimaliz\u00e1cia syst\u00e9mov chr\u00e1niacich telo pred vonkaj\u0161\u00edmi infek\u010dn\u00fdmi mikroorganizmami Pod vplyvom biologicky aktivn\u00fdch zlo\u017eek prepar\u00e1tu je aktivov\u00e1n tzv. Krebs\u016fv cyklus. Jde o akt\u00edvny pr\u00edvod a z\u00e1sobovanie buniek kysl\u00edkom. Viac inform\u00e1ci\u00ed...\" \/>\n<meta property=\"og:url\" content=\"https:\/\/www.vetom.club\/sk\/produkt\/vetomgin-8-21\/\" \/>\n<meta property=\"og:site_name\" content=\"VETOM Club\" \/>\n<meta property=\"article:publisher\" content=\"https:\/\/www.facebook.com\/Vetom-Club-1823484797939610\/\" \/>\n<meta property=\"article:modified_time\" content=\"2021-03-22T17:48:52+00:00\" \/>\n<meta property=\"og:image\" content=\"https:\/\/www.vetom.club\/wp-content\/uploads\/2018\/07\/vetom-gin.png\" \/>\n\t<meta property=\"og:image:width\" content=\"750\" \/>\n\t<meta property=\"og:image:height\" content=\"500\" \/>\n\t<meta property=\"og:image:type\" content=\"image\/png\" \/>\n<meta name=\"twitter:card\" content=\"summary_large_image\" \/>\n<meta name=\"twitter:label1\" content=\"Cena\" \/>\n\t<meta name=\"twitter:data1\" content=\"&euro;9.00\" \/>\n\t<meta name=\"twitter:label2\" content=\"Dostupnos\u0165\" \/>\n\t<meta name=\"twitter:data2\" content=\"Na sklade\" \/>\n<script type=\"application\/ld+json\" class=\"yoast-schema-graph\">{\"@context\":\"https:\/\/schema.org\",\"@graph\":[{\"@type\":\"WebPage\",\"@id\":\"https:\/\/www.vetom.club\/sk\/produkt\/vetomgin-8-21\/\",\"url\":\"https:\/\/www.vetom.club\/sk\/produkt\/vetomgin-8-21\/\",\"name\":\"Vetomgin 8.21\",\"isPartOf\":{\"@id\":\"https:\/\/www.vetom.club\/sk\/#website\"},\"primaryImageOfPage\":{\"@id\":\"https:\/\/www.vetom.club\/sk\/produkt\/vetomgin-8-21\/#primaryimage\"},\"image\":{\"@id\":\"https:\/\/www.vetom.club\/sk\/produkt\/vetomgin-8-21\/#primaryimage\"},\"thumbnailUrl\":\"https:\/\/www.vetom.club\/wp-content\/uploads\/2018\/07\/vetom-gin.png\",\"datePublished\":\"2017-02-01T22:04:11+00:00\",\"dateModified\":\"2021-03-22T17:48:52+00:00\",\"description\":\"Doplnkov\u00fd zdroj probiotick\u00fdch mikroorganismov. Optimaliz\u00e1cia syst\u00e9mov chr\u00e1niacich telo pred vonkaj\u0161\u00edmi infek\u010dn\u00fdmi mikroorganizmami.\",\"breadcrumb\":{\"@id\":\"https:\/\/www.vetom.club\/sk\/produkt\/vetomgin-8-21\/#breadcrumb\"},\"inLanguage\":\"sk-SK\",\"potentialAction\":[{\"@type\":\"ReadAction\",\"target\":[\"https:\/\/www.vetom.club\/sk\/produkt\/vetomgin-8-21\/\"]}]},{\"@type\":\"ImageObject\",\"inLanguage\":\"sk-SK\",\"@id\":\"https:\/\/www.vetom.club\/sk\/produkt\/vetomgin-8-21\/#primaryimage\",\"url\":\"https:\/\/www.vetom.club\/wp-content\/uploads\/2018\/07\/vetom-gin.png\",\"contentUrl\":\"https:\/\/www.vetom.club\/wp-content\/uploads\/2018\/07\/vetom-gin.png\",\"width\":750,\"height\":500},{\"@type\":\"BreadcrumbList\",\"@id\":\"https:\/\/www.vetom.club\/sk\/produkt\/vetomgin-8-21\/#breadcrumb\",\"itemListElement\":[{\"@type\":\"ListItem\",\"position\":1,\"name\":\"Vetom Club\",\"item\":\"https:\/\/www.vetom.club\/sk\/\"},{\"@type\":\"ListItem\",\"position\":2,\"name\":\"Obchod\",\"item\":\"https:\/\/www.vetom.club\/sk\/obchod\/\"},{\"@type\":\"ListItem\",\"position\":3,\"name\":\"Vetomgin 8.21\"}]},{\"@type\":\"WebSite\",\"@id\":\"https:\/\/www.vetom.club\/sk\/#website\",\"url\":\"https:\/\/www.vetom.club\/sk\/\",\"name\":\"VETOM Club\",\"description\":\"Revolu\u010dn\u00ed aktiv\u00e1tor imunity na p\u0159\u00edrodn\u00ed b\u00e1zi\",\"publisher\":{\"@id\":\"https:\/\/www.vetom.club\/sk\/#organization\"},\"potentialAction\":[{\"@type\":\"SearchAction\",\"target\":{\"@type\":\"EntryPoint\",\"urlTemplate\":\"https:\/\/www.vetom.club\/sk\/?s={search_term_string}\"},\"query-input\":{\"@type\":\"PropertyValueSpecification\",\"valueRequired\":true,\"valueName\":\"search_term_string\"}}],\"inLanguage\":\"sk-SK\"},{\"@type\":\"Organization\",\"@id\":\"https:\/\/www.vetom.club\/sk\/#organization\",\"name\":\"Vetom Club\",\"url\":\"https:\/\/www.vetom.club\/sk\/\",\"logo\":{\"@type\":\"ImageObject\",\"inLanguage\":\"sk-SK\",\"@id\":\"https:\/\/www.vetom.club\/sk\/#\/schema\/logo\/image\/\",\"url\":\"https:\/\/www.vetom.club\/wp-content\/uploads\/2017\/11\/vetom-club-logo-1.png\",\"contentUrl\":\"https:\/\/www.vetom.club\/wp-content\/uploads\/2017\/11\/vetom-club-logo-1.png\",\"width\":270,\"height\":60,\"caption\":\"Vetom Club\"},\"image\":{\"@id\":\"https:\/\/www.vetom.club\/sk\/#\/schema\/logo\/image\/\"},\"sameAs\":[\"https:\/\/www.facebook.com\/Vetom-Club-1823484797939610\/\"]}]}<\/script>\n<meta property=\"product:brand\" content=\"Vetom\" \/>\n<meta property=\"product:price:amount\" content=\"9.00\" \/>\n<meta property=\"product:price:currency\" content=\"EUR\" \/>\n<meta property=\"og:availability\" content=\"instock\" \/>\n<meta property=\"product:availability\" content=\"instock\" \/>\n<meta property=\"product:retailer_item_id\" content=\"VET821\" \/>\n<meta property=\"product:condition\" content=\"new\" \/>\n<!-- \/ Yoast SEO Premium plugin. -->","yoast_head_json":{"title":"Vetomgin 8.21","description":"Doplnkov\u00fd zdroj probiotick\u00fdch mikroorganismov. Optimaliz\u00e1cia syst\u00e9mov chr\u00e1niacich telo pred vonkaj\u0161\u00edmi infek\u010dn\u00fdmi mikroorganizmami.","robots":{"index":"index","follow":"follow","max-snippet":"max-snippet:-1","max-image-preview":"max-image-preview:large","max-video-preview":"max-video-preview:-1"},"canonical":"https:\/\/www.vetom.club\/sk\/produkt\/vetomgin-8-21\/","og_locale":"sk_SK","og_type":"article","og_title":"Vetomgin 8.21","og_description":"Vetomgin 8.21  - doplnkov\u00fd zdroj probiotick\u00fdch mikroorganismov - antiseptick\u00fd a protiz\u00e1palov\u00fd \u00fa\u010dinok - optimaliz\u00e1cia syst\u00e9mov chr\u00e1niacich telo pred vonkaj\u0161\u00edmi infek\u010dn\u00fdmi mikroorganizmami Pod vplyvom biologicky aktivn\u00fdch zlo\u017eek prepar\u00e1tu je aktivov\u00e1n tzv. Krebs\u016fv cyklus. Jde o akt\u00edvny pr\u00edvod a z\u00e1sobovanie buniek kysl\u00edkom. Viac inform\u00e1ci\u00ed...","og_url":"https:\/\/www.vetom.club\/sk\/produkt\/vetomgin-8-21\/","og_site_name":"VETOM Club","article_publisher":"https:\/\/www.facebook.com\/Vetom-Club-1823484797939610\/","article_modified_time":"2021-03-22T17:48:52+00:00","og_image":[{"width":750,"height":500,"url":"https:\/\/www.vetom.club\/wp-content\/uploads\/2018\/07\/vetom-gin.png","type":"image\/png"}],"twitter_card":"summary_large_image","twitter_misc":{"Cena":"&euro;9.00","Dostupnos\u0165":"Na sklade"},"schema":{"@context":"https:\/\/schema.org","@graph":[{"@type":"WebPage","@id":"https:\/\/www.vetom.club\/sk\/produkt\/vetomgin-8-21\/","url":"https:\/\/www.vetom.club\/sk\/produkt\/vetomgin-8-21\/","name":"Vetomgin 8.21","isPartOf":{"@id":"https:\/\/www.vetom.club\/sk\/#website"},"primaryImageOfPage":{"@id":"https:\/\/www.vetom.club\/sk\/produkt\/vetomgin-8-21\/#primaryimage"},"image":{"@id":"https:\/\/www.vetom.club\/sk\/produkt\/vetomgin-8-21\/#primaryimage"},"thumbnailUrl":"https:\/\/www.vetom.club\/wp-content\/uploads\/2018\/07\/vetom-gin.png","datePublished":"2017-02-01T22:04:11+00:00","dateModified":"2021-03-22T17:48:52+00:00","description":"Doplnkov\u00fd zdroj probiotick\u00fdch mikroorganismov. Optimaliz\u00e1cia syst\u00e9mov chr\u00e1niacich telo pred vonkaj\u0161\u00edmi infek\u010dn\u00fdmi mikroorganizmami.","breadcrumb":{"@id":"https:\/\/www.vetom.club\/sk\/produkt\/vetomgin-8-21\/#breadcrumb"},"inLanguage":"sk-SK","potentialAction":[{"@type":"ReadAction","target":["https:\/\/www.vetom.club\/sk\/produkt\/vetomgin-8-21\/"]}]},{"@type":"ImageObject","inLanguage":"sk-SK","@id":"https:\/\/www.vetom.club\/sk\/produkt\/vetomgin-8-21\/#primaryimage","url":"https:\/\/www.vetom.club\/wp-content\/uploads\/2018\/07\/vetom-gin.png","contentUrl":"https:\/\/www.vetom.club\/wp-content\/uploads\/2018\/07\/vetom-gin.png","width":750,"height":500},{"@type":"BreadcrumbList","@id":"https:\/\/www.vetom.club\/sk\/produkt\/vetomgin-8-21\/#breadcrumb","itemListElement":[{"@type":"ListItem","position":1,"name":"Vetom Club","item":"https:\/\/www.vetom.club\/sk\/"},{"@type":"ListItem","position":2,"name":"Obchod","item":"https:\/\/www.vetom.club\/sk\/obchod\/"},{"@type":"ListItem","position":3,"name":"Vetomgin 8.21"}]},{"@type":"WebSite","@id":"https:\/\/www.vetom.club\/sk\/#website","url":"https:\/\/www.vetom.club\/sk\/","name":"VETOM Club","description":"Revolu\u010dn\u00ed aktiv\u00e1tor imunity na p\u0159\u00edrodn\u00ed b\u00e1zi","publisher":{"@id":"https:\/\/www.vetom.club\/sk\/#organization"},"potentialAction":[{"@type":"SearchAction","target":{"@type":"EntryPoint","urlTemplate":"https:\/\/www.vetom.club\/sk\/?s={search_term_string}"},"query-input":{"@type":"PropertyValueSpecification","valueRequired":true,"valueName":"search_term_string"}}],"inLanguage":"sk-SK"},{"@type":"Organization","@id":"https:\/\/www.vetom.club\/sk\/#organization","name":"Vetom Club","url":"https:\/\/www.vetom.club\/sk\/","logo":{"@type":"ImageObject","inLanguage":"sk-SK","@id":"https:\/\/www.vetom.club\/sk\/#\/schema\/logo\/image\/","url":"https:\/\/www.vetom.club\/wp-content\/uploads\/2017\/11\/vetom-club-logo-1.png","contentUrl":"https:\/\/www.vetom.club\/wp-content\/uploads\/2017\/11\/vetom-club-logo-1.png","width":270,"height":60,"caption":"Vetom Club"},"image":{"@id":"https:\/\/www.vetom.club\/sk\/#\/schema\/logo\/image\/"},"sameAs":["https:\/\/www.facebook.com\/Vetom-Club-1823484797939610\/"]}]},"product_brand":"Vetom","product_price_amount":"9.00","product_price_currency":"EUR","og_availability":"instock","product_availability":"instock","product_retailer_item_id":"VET821","product_condition":"new"},"_links":{"self":[{"href":"https:\/\/www.vetom.club\/sk\/wp-json\/wp\/v2\/product\/70449","targetHints":{"allow":["GET"]}}],"collection":[{"href":"https:\/\/www.vetom.club\/sk\/wp-json\/wp\/v2\/product"}],"about":[{"href":"https:\/\/www.vetom.club\/sk\/wp-json\/wp\/v2\/types\/product"}],"wp:featuredmedia":[{"embeddable":true,"href":"https:\/\/www.vetom.club\/sk\/wp-json\/wp\/v2\/media\/70798"}],"wp:attachment":[{"href":"https:\/\/www.vetom.club\/sk\/wp-json\/wp\/v2\/media?parent=70449"}],"wp:term":[{"taxonomy":"product_brand","embeddable":true,"href":"https:\/\/www.vetom.club\/sk\/wp-json\/wp\/v2\/product_brand?post=70449"},{"taxonomy":"product_cat","embeddable":true,"href":"https:\/\/www.vetom.club\/sk\/wp-json\/wp\/v2\/product_cat?post=70449"},{"taxonomy":"product_tag","embeddable":true,"href":"https:\/\/www.vetom.club\/sk\/wp-json\/wp\/v2\/product_tag?post=70449"}],"curies":[{"name":"wp","href":"https:\/\/api.w.org\/{rel}","templated":true}]}}