{"id":86612,"date":"2018-03-30T13:52:35","date_gmt":"2021-11-22T21:00:16","guid":{"rendered":"https:\/\/www.vetom.club\/produkt\/vetom-4-24-kapky\/"},"modified":"2021-12-07T23:35:02","modified_gmt":"2021-12-07T22:35:02","slug":"vetom-4-24-kvapky","status":"publish","type":"product","link":"https:\/\/www.vetom.club\/sk\/produkt\/vetom-4-24-kvapky\/","title":{"rendered":"Vetom 4.24 &#8211; kvapky"},"content":{"rendered":"<h4><a id=\"summary\"><\/a><strong>Zlo\u017eenie<\/strong><\/h4>\n<p>Kukuri\u010dn\u00fd extrakt, fermentovan\u00e9 bakt\u00e9rie Bacillus amyloliquefaciens Kme\u0148 VKPM B-10643 (DSM 24615), chlorid sodn\u00fd, destilovan\u00e1 voda.<\/p>\n<h4>Forma<\/h4>\n<p>Vetom 4.24 je kvapalina od svetlo \u017eltej a\u017e tmavo hnedej farby, so \u0161pecifick\u00fdm z\u00e1pachom. K dispoz\u00edcii vo f\u013ea\u0161iach zo skla alebo polym\u00e9ru. Ka\u017ed\u00e1 f\u013ea\u0161ti\u010dka je balen\u00e1 v krabi\u010dke a je opatren\u00e1 n\u00e1vodom na pou\u017eitie.<\/p>\n<h4>Oblasti pou\u017eitia<\/h4>\n<p>Odpor\u00fa\u010da sa ako biologicky akt\u00edvna pr\u00edsada do potrav\u00edn, ako \u010fal\u0161\u00ed zdroj probiotick\u00fdch mikroorganizmov<\/p>\n<h4>D\u00e1vkovanie a pod\u00e1vanie<\/h4>\n<p>Vetom 4.24 sa pod\u00e1va peror\u00e1lne.<br \/>\nMno\u017estvo a trvanie pr\u00edjmu pr\u00edpravku Vetom 4.24 je priamo z\u00e1visl\u00e9 na stave \u013eudsk\u00e9ho tela.<br \/>\nOdpor\u00fa\u010dan\u00e9 d\u00e1vkovanie: 1 &#8211; 2 balenia, 5 &#8211; 10 x denne 4 kvapky.<\/p>\n<h4>Kontraindik\u00e1cie<\/h4>\n<p>Neodpor\u00fa\u010da sa v pr\u00edpade individu\u00e1lnej intolerancie ku zlo\u017ek\u00e1m pr\u00edpravku.<\/p>\n<h4>Interakcie s in\u00fdmi pr\u00edpravkami<\/h4>\n<p><span style=\"color: #ff0000;\">Pr\u00edpravok Vetom 4.24 by sa nemal u\u017e\u00edva\u0165 peror\u00e1lne spolu s antibiotikami a \u010fal\u0161\u00edmi pr\u00edpravkami na b\u00e1ze probiotick\u00fdch mikroorganizmov.<\/span><br \/>\nJe pr\u00edpustn\u00e9 pou\u017e\u00edva\u0165 Vetom 4.24 spolu s antibiotikami r\u00f4znymi sp\u00f4sobmi a met\u00f3dami ich pod\u00e1vanie. Napr\u00edklad: antibiotikum &#8211; vo forme injekcie a Vetom 4.24 &#8211; peror\u00e1lne.<\/p>\n<h4>Podmienky skladovania<\/h4>\n<p>Skladujte pri teplote (0-10) \u00b0 \u0421. Preprava a do\u010dasn\u00e9 skladovanie pri teplote 10 \u00b0 C a\u017e 30 \u00b0 C vr\u00e1tane po dobu 18 dn\u00ed je povolen\u00e9.<br \/>\nPo otvoren\u00ed f\u013ea\u0161e sa m\u00e1 pr\u00edpravok uchov\u00e1va\u0165 najviac 1 t\u00fd\u017ede\u0148 pri teplote 0 a\u017e 10 \u00b0 C.<br \/>\n<strong>Doba pou\u017eite\u013enosti<\/strong> &#8211; 2 roky od d\u00e1tumu v\u00fdroby.<\/p>\n<p>Vetom 4.24 nie je n\u00e1vykov\u00fd.<br \/>\nNejedn\u00e1 sa o\u00a0liek!<\/p>\n<p>&nbsp;<\/p>\n<p>&nbsp;<\/p>\n<p>&nbsp;<\/p>\n","protected":false},"excerpt":{"rendered":"<p><strong>Vetom 4.24<br \/>\n<\/strong><strong>Biologicky akt\u00edvne probiotikum, neobsahuje sachar\u00f3zu, vhodn\u00fd aj pre diabetikov.<\/strong><br \/>\nBiologicky akt\u00edvna l\u00e1tka, koncentr\u00e1t prepar\u00e1tu <strong><a href=\"https:\/\/www.vetom.club\/sk\/produkt\/vetom-4\/\">Vetom 4<\/a> v kvapalnej forme<\/strong>.<br \/>\nVetom 4.24 <strong>p\u00f4sob\u00ed v oblasti tenk\u00e9ho \u010dreva.<br \/>\n<span style=\"color: #ff0000;\">Pre konzult\u00e1cie zanechajte V\u00e1\u0161 telef\u00f3n a p\u00ed\u0161te cez <a href=\"https:\/\/www.vetom.club\/sk\/kontakt\/\">Kontaktn\u00fd formul\u00e1r.<\/a><\/span><br \/>\n<\/strong><\/p>\n<p><a href=\"#summary\"><strong>Viacej inform\u00e1ci\u00ed&#8230;<\/strong><\/a><\/p>\n","protected":false},"featured_media":70792,"template":"","meta":{"_exactmetrics_skip_tracking":false,"_exactmetrics_sitenote_active":false,"_exactmetrics_sitenote_note":"","_exactmetrics_sitenote_category":0},"product_brand":[],"product_cat":[579],"product_tag":[592,591,788,596,595,789],"class_list":{"0":"post-86612","1":"product","2":"type-product","3":"status-publish","4":"has-post-thumbnail","6":"product_cat-vetom-sk","7":"product_tag-bacillus-amyloliquefaciens-sk","8":"product_tag-bacillus-subtilis-sk","9":"product_tag-cz_kc-sk","10":"product_tag-hrube-crevo","11":"product_tag-tenke-crevo","12":"product_tag-vetom-4-24-sk","13":"sales-flash-overlay","14":"woocommerce-text-align-center","15":"woocommerce-image-align-center","16":"do-quantity-buttons","18":"first","19":"outofstock","20":"shipping-taxable","21":"purchasable","22":"product-type-simple"},"yoast_head":"<!-- This site is optimized with the Yoast SEO Premium plugin v21.7 (Yoast SEO v25.9) - https:\/\/yoast.com\/wordpress\/plugins\/seo\/ -->\n<title>Vetom 4.24 - kvapky - VETOM Club<\/title>\n<meta name=\"description\" content=\"Vetom 4.24 - Biologicky akt\u00edvna l\u00e1tka, koncentr\u00e1t prepar\u00e1tu Vetom 4 v kvapalnej forme. Vetom 4.24 p\u00f4sob\u00ed na stimul\u00e1ciu a \u010dinnos\u0165 tenk\u00e9ho \u010dreva.\" \/>\n<meta name=\"robots\" content=\"index, follow, max-snippet:-1, max-image-preview:large, max-video-preview:-1\" \/>\n<link rel=\"canonical\" href=\"https:\/\/www.vetom.club\/sk\/produkt\/vetom-4-24-kvapky\/\" \/>\n<meta property=\"og:locale\" content=\"sk_SK\" \/>\n<meta property=\"og:type\" content=\"article\" \/>\n<meta property=\"og:title\" content=\"Vetom 4.24 - kvapky | VETOM Club\" \/>\n<meta property=\"og:description\" content=\"Vetom 4.24 - Biologicky akt\u00edvna l\u00e1tka, koncentr\u00e1t prepar\u00e1tu Vetom 4 v kvapalnej forme. Vetom 4.24 p\u00f4sob\u00ed na stimul\u00e1ciu a \u010dinnos\u0165 tenk\u00e9ho aj hrub\u00e9ho \u010dreva s\u00fa\u010dasne. Prepar\u00e1t Vetom 4.24 sl\u00fa\u017ei ako dodato\u010dn\u00fd zdroj probiotick\u00fdch mikroorganizmov na zotavenie tela.\" \/>\n<meta property=\"og:url\" content=\"https:\/\/www.vetom.club\/sk\/produkt\/vetom-4-24-kvapky\/\" \/>\n<meta property=\"og:site_name\" content=\"VETOM Club\" \/>\n<meta property=\"article:publisher\" content=\"https:\/\/www.facebook.com\/Vetom-Club-1823484797939610\/\" \/>\n<meta property=\"article:modified_time\" content=\"2021-12-07T22:35:02+00:00\" \/>\n<meta property=\"og:image\" content=\"https:\/\/www.vetom.club\/wp-content\/uploads\/2018\/03\/vetom-4.24.jpg\" \/>\n<meta name=\"twitter:card\" content=\"summary_large_image\" \/>\n<meta name=\"twitter:title\" content=\"Vetom 4.24 - kvapky | VETOM Club\" \/>\n<meta name=\"twitter:description\" content=\"Vetom 4.24 - Biologicky akt\u00edvna l\u00e1tka, koncentr\u00e1t prepar\u00e1tu Vetom 4 v kvapalnej forme. Vetom 4.24 p\u00f4sob\u00ed na stimul\u00e1ciu a \u010dinnos\u0165 tenk\u00e9ho aj hrub\u00e9ho \u010dreva s\u00fa\u010dasne. Prepar\u00e1t Vetom 4.24 sl\u00fa\u017ei ako dodato\u010dn\u00fd zdroj probiotick\u00fdch mikroorganizmov na zotavenie tela.\" \/>\n<meta name=\"twitter:label1\" content=\"Cena\" \/>\n\t<meta name=\"twitter:data1\" content=\"&euro;28.00\" \/>\n\t<meta name=\"twitter:label2\" content=\"Dostupnos\u0165\" \/>\n\t<meta name=\"twitter:data2\" content=\"Nie je na sklade\" \/>\n<script type=\"application\/ld+json\" class=\"yoast-schema-graph\">{\"@context\":\"https:\/\/schema.org\",\"@graph\":[{\"@type\":\"WebPage\",\"@id\":\"https:\/\/www.vetom.club\/sk\/produkt\/vetom-4-24-kvapky\/\",\"url\":\"https:\/\/www.vetom.club\/sk\/produkt\/vetom-4-24-kvapky\/\",\"name\":\"Vetom 4.24 - kvapky - VETOM Club\",\"isPartOf\":{\"@id\":\"https:\/\/www.vetom.club\/sk\/#website\"},\"primaryImageOfPage\":{\"@id\":\"https:\/\/www.vetom.club\/sk\/produkt\/vetom-4-24-kvapky\/#primaryimage\"},\"image\":{\"@id\":\"https:\/\/www.vetom.club\/sk\/produkt\/vetom-4-24-kvapky\/#primaryimage\"},\"thumbnailUrl\":\"https:\/\/www.vetom.club\/wp-content\/uploads\/2018\/07\/vetom-4.24.png\",\"datePublished\":\"2021-11-22T21:00:16+00:00\",\"dateModified\":\"2021-12-07T22:35:02+00:00\",\"description\":\"Vetom 4.24 - Biologicky akt\u00edvna l\u00e1tka, koncentr\u00e1t prepar\u00e1tu Vetom 4 v kvapalnej forme. Vetom 4.24 p\u00f4sob\u00ed na stimul\u00e1ciu a \u010dinnos\u0165 tenk\u00e9ho \u010dreva.\",\"breadcrumb\":{\"@id\":\"https:\/\/www.vetom.club\/sk\/produkt\/vetom-4-24-kvapky\/#breadcrumb\"},\"inLanguage\":\"sk-SK\",\"potentialAction\":[{\"@type\":\"ReadAction\",\"target\":[\"https:\/\/www.vetom.club\/sk\/produkt\/vetom-4-24-kvapky\/\"]}]},{\"@type\":\"ImageObject\",\"inLanguage\":\"sk-SK\",\"@id\":\"https:\/\/www.vetom.club\/sk\/produkt\/vetom-4-24-kvapky\/#primaryimage\",\"url\":\"https:\/\/www.vetom.club\/wp-content\/uploads\/2018\/07\/vetom-4.24.png\",\"contentUrl\":\"https:\/\/www.vetom.club\/wp-content\/uploads\/2018\/07\/vetom-4.24.png\",\"width\":750,\"height\":500},{\"@type\":\"BreadcrumbList\",\"@id\":\"https:\/\/www.vetom.club\/sk\/produkt\/vetom-4-24-kvapky\/#breadcrumb\",\"itemListElement\":[{\"@type\":\"ListItem\",\"position\":1,\"name\":\"Vetom Club\",\"item\":\"https:\/\/www.vetom.club\/sk\/\"},{\"@type\":\"ListItem\",\"position\":2,\"name\":\"Obchod\",\"item\":\"https:\/\/www.vetom.club\/sk\/obchod\/\"},{\"@type\":\"ListItem\",\"position\":3,\"name\":\"Vetom 4.24 &#8211; kvapky\"}]},{\"@type\":\"WebSite\",\"@id\":\"https:\/\/www.vetom.club\/sk\/#website\",\"url\":\"https:\/\/www.vetom.club\/sk\/\",\"name\":\"VETOM Club\",\"description\":\"Revolu\u010dn\u00ed aktiv\u00e1tor imunity na p\u0159\u00edrodn\u00ed b\u00e1zi\",\"publisher\":{\"@id\":\"https:\/\/www.vetom.club\/sk\/#organization\"},\"potentialAction\":[{\"@type\":\"SearchAction\",\"target\":{\"@type\":\"EntryPoint\",\"urlTemplate\":\"https:\/\/www.vetom.club\/sk\/?s={search_term_string}\"},\"query-input\":{\"@type\":\"PropertyValueSpecification\",\"valueRequired\":true,\"valueName\":\"search_term_string\"}}],\"inLanguage\":\"sk-SK\"},{\"@type\":\"Organization\",\"@id\":\"https:\/\/www.vetom.club\/sk\/#organization\",\"name\":\"Vetom Club\",\"url\":\"https:\/\/www.vetom.club\/sk\/\",\"logo\":{\"@type\":\"ImageObject\",\"inLanguage\":\"sk-SK\",\"@id\":\"https:\/\/www.vetom.club\/sk\/#\/schema\/logo\/image\/\",\"url\":\"https:\/\/www.vetom.club\/wp-content\/uploads\/2017\/11\/vetom-club-logo-1.png\",\"contentUrl\":\"https:\/\/www.vetom.club\/wp-content\/uploads\/2017\/11\/vetom-club-logo-1.png\",\"width\":270,\"height\":60,\"caption\":\"Vetom Club\"},\"image\":{\"@id\":\"https:\/\/www.vetom.club\/sk\/#\/schema\/logo\/image\/\"},\"sameAs\":[\"https:\/\/www.facebook.com\/Vetom-Club-1823484797939610\/\"]}]}<\/script>\n<meta property=\"product:brand\" content=\"Vetom\" \/>\n<meta property=\"product:price:amount\" content=\"28.00\" \/>\n<meta property=\"product:price:currency\" content=\"EUR\" \/>\n<meta property=\"og:availability\" content=\"out of stock\" \/>\n<meta property=\"product:availability\" content=\"out of stock\" \/>\n<meta property=\"product:retailer_item_id\" content=\"VET424\" \/>\n<meta property=\"product:condition\" content=\"new\" \/>\n<!-- \/ Yoast SEO Premium plugin. -->","yoast_head_json":{"title":"Vetom 4.24 - kvapky - VETOM Club","description":"Vetom 4.24 - Biologicky akt\u00edvna l\u00e1tka, koncentr\u00e1t prepar\u00e1tu Vetom 4 v kvapalnej forme. Vetom 4.24 p\u00f4sob\u00ed na stimul\u00e1ciu a \u010dinnos\u0165 tenk\u00e9ho \u010dreva.","robots":{"index":"index","follow":"follow","max-snippet":"max-snippet:-1","max-image-preview":"max-image-preview:large","max-video-preview":"max-video-preview:-1"},"canonical":"https:\/\/www.vetom.club\/sk\/produkt\/vetom-4-24-kvapky\/","og_locale":"sk_SK","og_type":"article","og_title":"Vetom 4.24 - kvapky | VETOM Club","og_description":"Vetom 4.24 - Biologicky akt\u00edvna l\u00e1tka, koncentr\u00e1t prepar\u00e1tu Vetom 4 v kvapalnej forme. Vetom 4.24 p\u00f4sob\u00ed na stimul\u00e1ciu a \u010dinnos\u0165 tenk\u00e9ho aj hrub\u00e9ho \u010dreva s\u00fa\u010dasne. Prepar\u00e1t Vetom 4.24 sl\u00fa\u017ei ako dodato\u010dn\u00fd zdroj probiotick\u00fdch mikroorganizmov na zotavenie tela.","og_url":"https:\/\/www.vetom.club\/sk\/produkt\/vetom-4-24-kvapky\/","og_site_name":"VETOM Club","article_publisher":"https:\/\/www.facebook.com\/Vetom-Club-1823484797939610\/","article_modified_time":"2021-12-07T22:35:02+00:00","og_image":[{"url":"https:\/\/www.vetom.club\/wp-content\/uploads\/2018\/03\/vetom-4.24.jpg","type":"","width":"","height":""}],"twitter_card":"summary_large_image","twitter_title":"Vetom 4.24 - kvapky | VETOM Club","twitter_description":"Vetom 4.24 - Biologicky akt\u00edvna l\u00e1tka, koncentr\u00e1t prepar\u00e1tu Vetom 4 v kvapalnej forme. Vetom 4.24 p\u00f4sob\u00ed na stimul\u00e1ciu a \u010dinnos\u0165 tenk\u00e9ho aj hrub\u00e9ho \u010dreva s\u00fa\u010dasne. Prepar\u00e1t Vetom 4.24 sl\u00fa\u017ei ako dodato\u010dn\u00fd zdroj probiotick\u00fdch mikroorganizmov na zotavenie tela.","twitter_misc":{"Cena":"&euro;28.00","Dostupnos\u0165":"Nie je na sklade"},"schema":{"@context":"https:\/\/schema.org","@graph":[{"@type":"WebPage","@id":"https:\/\/www.vetom.club\/sk\/produkt\/vetom-4-24-kvapky\/","url":"https:\/\/www.vetom.club\/sk\/produkt\/vetom-4-24-kvapky\/","name":"Vetom 4.24 - kvapky - VETOM Club","isPartOf":{"@id":"https:\/\/www.vetom.club\/sk\/#website"},"primaryImageOfPage":{"@id":"https:\/\/www.vetom.club\/sk\/produkt\/vetom-4-24-kvapky\/#primaryimage"},"image":{"@id":"https:\/\/www.vetom.club\/sk\/produkt\/vetom-4-24-kvapky\/#primaryimage"},"thumbnailUrl":"https:\/\/www.vetom.club\/wp-content\/uploads\/2018\/07\/vetom-4.24.png","datePublished":"2021-11-22T21:00:16+00:00","dateModified":"2021-12-07T22:35:02+00:00","description":"Vetom 4.24 - Biologicky akt\u00edvna l\u00e1tka, koncentr\u00e1t prepar\u00e1tu Vetom 4 v kvapalnej forme. Vetom 4.24 p\u00f4sob\u00ed na stimul\u00e1ciu a \u010dinnos\u0165 tenk\u00e9ho \u010dreva.","breadcrumb":{"@id":"https:\/\/www.vetom.club\/sk\/produkt\/vetom-4-24-kvapky\/#breadcrumb"},"inLanguage":"sk-SK","potentialAction":[{"@type":"ReadAction","target":["https:\/\/www.vetom.club\/sk\/produkt\/vetom-4-24-kvapky\/"]}]},{"@type":"ImageObject","inLanguage":"sk-SK","@id":"https:\/\/www.vetom.club\/sk\/produkt\/vetom-4-24-kvapky\/#primaryimage","url":"https:\/\/www.vetom.club\/wp-content\/uploads\/2018\/07\/vetom-4.24.png","contentUrl":"https:\/\/www.vetom.club\/wp-content\/uploads\/2018\/07\/vetom-4.24.png","width":750,"height":500},{"@type":"BreadcrumbList","@id":"https:\/\/www.vetom.club\/sk\/produkt\/vetom-4-24-kvapky\/#breadcrumb","itemListElement":[{"@type":"ListItem","position":1,"name":"Vetom Club","item":"https:\/\/www.vetom.club\/sk\/"},{"@type":"ListItem","position":2,"name":"Obchod","item":"https:\/\/www.vetom.club\/sk\/obchod\/"},{"@type":"ListItem","position":3,"name":"Vetom 4.24 &#8211; kvapky"}]},{"@type":"WebSite","@id":"https:\/\/www.vetom.club\/sk\/#website","url":"https:\/\/www.vetom.club\/sk\/","name":"VETOM Club","description":"Revolu\u010dn\u00ed aktiv\u00e1tor imunity na p\u0159\u00edrodn\u00ed b\u00e1zi","publisher":{"@id":"https:\/\/www.vetom.club\/sk\/#organization"},"potentialAction":[{"@type":"SearchAction","target":{"@type":"EntryPoint","urlTemplate":"https:\/\/www.vetom.club\/sk\/?s={search_term_string}"},"query-input":{"@type":"PropertyValueSpecification","valueRequired":true,"valueName":"search_term_string"}}],"inLanguage":"sk-SK"},{"@type":"Organization","@id":"https:\/\/www.vetom.club\/sk\/#organization","name":"Vetom Club","url":"https:\/\/www.vetom.club\/sk\/","logo":{"@type":"ImageObject","inLanguage":"sk-SK","@id":"https:\/\/www.vetom.club\/sk\/#\/schema\/logo\/image\/","url":"https:\/\/www.vetom.club\/wp-content\/uploads\/2017\/11\/vetom-club-logo-1.png","contentUrl":"https:\/\/www.vetom.club\/wp-content\/uploads\/2017\/11\/vetom-club-logo-1.png","width":270,"height":60,"caption":"Vetom Club"},"image":{"@id":"https:\/\/www.vetom.club\/sk\/#\/schema\/logo\/image\/"},"sameAs":["https:\/\/www.facebook.com\/Vetom-Club-1823484797939610\/"]}]},"product_brand":"Vetom","product_price_amount":"28.00","product_price_currency":"EUR","og_availability":"out of stock","product_availability":"out of stock","product_retailer_item_id":"VET424","product_condition":"new"},"_links":{"self":[{"href":"https:\/\/www.vetom.club\/sk\/wp-json\/wp\/v2\/product\/86612","targetHints":{"allow":["GET"]}}],"collection":[{"href":"https:\/\/www.vetom.club\/sk\/wp-json\/wp\/v2\/product"}],"about":[{"href":"https:\/\/www.vetom.club\/sk\/wp-json\/wp\/v2\/types\/product"}],"wp:featuredmedia":[{"embeddable":true,"href":"https:\/\/www.vetom.club\/sk\/wp-json\/wp\/v2\/media\/70792"}],"wp:attachment":[{"href":"https:\/\/www.vetom.club\/sk\/wp-json\/wp\/v2\/media?parent=86612"}],"wp:term":[{"taxonomy":"product_brand","embeddable":true,"href":"https:\/\/www.vetom.club\/sk\/wp-json\/wp\/v2\/product_brand?post=86612"},{"taxonomy":"product_cat","embeddable":true,"href":"https:\/\/www.vetom.club\/sk\/wp-json\/wp\/v2\/product_cat?post=86612"},{"taxonomy":"product_tag","embeddable":true,"href":"https:\/\/www.vetom.club\/sk\/wp-json\/wp\/v2\/product_tag?post=86612"}],"curies":[{"name":"wp","href":"https:\/\/api.w.org\/{rel}","templated":true}]}}